{"id":1436,"date":"2024-07-12T13:32:31","date_gmt":"2024-07-12T13:32:31","guid":{"rendered":"https:\/\/www.yomie.be\/?page_id=1436"},"modified":"2024-07-12T13:56:01","modified_gmt":"2024-07-12T13:56:01","slug":"lees-meer-wat-maakt-yomie-zo-uniek","status":"publish","type":"page","link":"https:\/\/www.yomie.be\/fr\/lees-meer-wat-maakt-yomie-zo-uniek\/","title":{"rendered":"lees meer Wat maakt yomie zo uniek"},"content":{"rendered":"<div data-elementor-type=\"wp-page\" data-elementor-id=\"1436\" class=\"elementor elementor-1436\" data-elementor-post-type=\"page\">\n\t\t\t\t\t\t<section class=\"elementor-section elementor-top-section elementor-element elementor-element-20fadbd9 elementor-section-full_width elementor-section-height-min-height elementor-section-content-middle elementor-section-height-default elementor-section-items-middle\" data-id=\"20fadbd9\" data-element_type=\"section\" data-e-type=\"section\" data-settings=\"{&quot;background_background&quot;:&quot;classic&quot;}\">\n\t\t\t\t\t\t\t<div class=\"elementor-background-overlay\"><\/div>\n\t\t\t\t\t\t\t<div class=\"elementor-container elementor-column-gap-no\">\n\t\t\t\t\t<div class=\"elementor-column elementor-col-100 elementor-top-column elementor-element elementor-element-6977a0f0\" data-id=\"6977a0f0\" data-element_type=\"column\" data-e-type=\"column\">\n\t\t\t<div class=\"elementor-widget-wrap elementor-element-populated\">\n\t\t\t\t\t\t<section class=\"elementor-section elementor-inner-section elementor-element elementor-element-7273b40c elementor-section-full_width elementor-section-height-default elementor-section-height-default\" data-id=\"7273b40c\" data-element_type=\"section\" data-e-type=\"section\">\n\t\t\t\t\t\t<div class=\"elementor-container elementor-column-gap-default\">\n\t\t\t\t\t<div class=\"elementor-column elementor-col-100 elementor-inner-column elementor-element elementor-element-235fa5e1\" data-id=\"235fa5e1\" data-element_type=\"column\" data-e-type=\"column\">\n\t\t\t<div class=\"elementor-widget-wrap elementor-element-populated\">\n\t\t\t\t\t\t<div class=\"elementor-element elementor-element-55fb5ad0 elementor-widget elementor-widget-heading\" data-id=\"55fb5ad0\" data-element_type=\"widget\" data-e-type=\"widget\" data-widget_type=\"heading.default\">\n\t\t\t\t<div class=\"elementor-widget-container\">\n\t\t\t\t\t<h2 class=\"elementor-heading-title elementor-size-default\">Ce qui rend Yomie si unique<\/h2>\t\t\t\t<\/div>\n\t\t\t\t<\/div>\n\t\t\t\t\t<\/div>\n\t\t<\/div>\n\t\t\t\t\t<\/div>\n\t\t<\/section>\n\t\t\t\t\t<\/div>\n\t\t<\/div>\n\t\t\t\t\t<\/div>\n\t\t<\/section>\n\t\t\t\t<section class=\"elementor-section elementor-top-section elementor-element elementor-element-7b671f03 elementor-section-full_width elementor-section-height-default elementor-section-height-default\" data-id=\"7b671f03\" data-element_type=\"section\" data-e-type=\"section\">\n\t\t\t\t\t\t<div class=\"elementor-container elementor-column-gap-default\">\n\t\t\t\t\t<div class=\"elementor-column elementor-col-100 elementor-top-column elementor-element elementor-element-297c2f5c\" data-id=\"297c2f5c\" data-element_type=\"column\" data-e-type=\"column\">\n\t\t\t<div class=\"elementor-widget-wrap elementor-element-populated\">\n\t\t\t\t\t\t<section class=\"elementor-section elementor-inner-section elementor-element elementor-element-15c193c3 elementor-section-boxed elementor-section-height-default elementor-section-height-default\" data-id=\"15c193c3\" data-element_type=\"section\" data-e-type=\"section\" data-settings=\"{&quot;background_background&quot;:&quot;classic&quot;}\">\n\t\t\t\t\t\t<div class=\"elementor-container elementor-column-gap-default\">\n\t\t\t\t\t<div class=\"elementor-column elementor-col-50 elementor-inner-column elementor-element elementor-element-5dcea21c\" data-id=\"5dcea21c\" data-element_type=\"column\" data-e-type=\"column\">\n\t\t\t<div class=\"elementor-widget-wrap elementor-element-populated\">\n\t\t\t\t\t\t<div class=\"elementor-element elementor-element-570a9871 elementor-widget elementor-widget-image\" data-id=\"570a9871\" data-element_type=\"widget\" data-e-type=\"widget\" data-widget_type=\"image.default\">\n\t\t\t\t<div class=\"elementor-widget-container\">\n\t\t\t\t\t\t\t\t\t\t\t\t\t\t\t<img fetchpriority=\"high\" decoding=\"async\" width=\"1024\" height=\"1024\" src=\"https:\/\/www.yomie.be\/wp-content\/uploads\/2024\/06\/yomie-wat-ons-onderscheid-van-anderen-1024x1024.png\" class=\"attachment-large size-large wp-image-980\" alt=\"7 op 7 support\" srcset=\"https:\/\/www.yomie.be\/wp-content\/uploads\/2024\/06\/yomie-wat-ons-onderscheid-van-anderen-1024x1024.png 1024w, https:\/\/www.yomie.be\/wp-content\/uploads\/2024\/06\/yomie-wat-ons-onderscheid-van-anderen-300x300.png 300w, https:\/\/www.yomie.be\/wp-content\/uploads\/2024\/06\/yomie-wat-ons-onderscheid-van-anderen-150x150.png 150w, https:\/\/www.yomie.be\/wp-content\/uploads\/2024\/06\/yomie-wat-ons-onderscheid-van-anderen-768x768.png 768w, https:\/\/www.yomie.be\/wp-content\/uploads\/2024\/06\/yomie-wat-ons-onderscheid-van-anderen-12x12.png 12w, https:\/\/www.yomie.be\/wp-content\/uploads\/2024\/06\/yomie-wat-ons-onderscheid-van-anderen.png 1080w\" sizes=\"(max-width: 1024px) 100vw, 1024px\" \/>\t\t\t\t\t\t\t\t\t\t\t\t\t\t\t<\/div>\n\t\t\t\t<\/div>\n\t\t\t\t\t<\/div>\n\t\t<\/div>\n\t\t\t\t<div class=\"elementor-column elementor-col-50 elementor-inner-column elementor-element elementor-element-3dc93518\" data-id=\"3dc93518\" data-element_type=\"column\" data-e-type=\"column\">\n\t\t\t<div class=\"elementor-widget-wrap elementor-element-populated\">\n\t\t\t\t\t\t<div class=\"elementor-element elementor-element-4939c4f elementor-widget elementor-widget-text-editor\" data-id=\"4939c4f\" data-element_type=\"widget\" data-e-type=\"widget\" data-widget_type=\"text-editor.default\">\n\t\t\t\t<div class=\"elementor-widget-container\">\n\t\t\t\t\t\t\t\t\t<ul><li><strong><span class=\"TextRun SCXW13335558 BCX0\" lang=\"NL-BE\" xml:lang=\"NL-BE\" data-contrast=\"auto\"><span class=\"NormalTextRun SpellingErrorV2Themed SCXW13335558 BCX0\">Un<\/span><span class=\"NormalTextRun SCXW13335558 BCX0\">-stop-shop<\/span><\/span><\/strong><span class=\"TextRun SCXW13335558 BCX0\" lang=\"NL-BE\" xml:lang=\"NL-BE\" data-contrast=\"auto\"><span class=\"NormalTextRun SCXW13335558 BCX0\"> voor zowel muziek- en beeldsoftware als hardware, zoals <\/span><span class=\"NormalTextRun SCXW13335558 BCX0\">onze <\/span><span class=\"NormalTextRun SpellingErrorV2Themed SCXW13335558 BCX0\">minibox<\/span><span class=\"NormalTextRun SCXW13335558 BCX0\"> (<\/span><span class=\"NormalTextRun SCXW13335558 BCX0\">eigen ontwikkelde <\/span><span class=\"NormalTextRun SCXW13335558 BCX0\">minicomputer<\/span><span class=\"NormalTextRun SCXW13335558 BCX0\">),<\/span> <span class=\"NormalTextRun SCXW13335558 BCX0\">pc\u2019s, <\/span><span class=\"NormalTextRun SCXW13335558 BCX0\">laptops, <\/span><span class=\"NormalTextRun SCXW13335558 BCX0\">tablets en <\/span><span class=\"NormalTextRun SCXW13335558 BCX0\">beeldschermen<\/span><span class=\"NormalTextRun SCXW13335558 BCX0\">.<\/span><\/span><span class=\"EOP SCXW13335558 BCX0\" data-ccp-props=\"{&quot;201341983&quot;:0,&quot;335557856&quot;:16777215,&quot;335559739&quot;:420,&quot;335559740&quot;:240}\">\u00a0<\/span><\/li><li>Onze <strong>approche personnelle<\/strong> et des conseils : nos experts en image et en musique se d\u00e9placent personnellement pour comprendre vos besoins sp\u00e9cifiques, en discuter et \u00e9laborer des solutions sur mesure.<\/li><li>Onze <strong>le service apr\u00e8s-vente<\/strong> et la formation.<\/li><li>We zijn van 0<strong>9:00 \u00e0 24:00<\/strong>, <strong>7 jours sur 7<\/strong> (persoonlijk) telefonisch beschikbaar\/bereikbaar (geen callcenter) voor technische ondersteuning. (geen computerstem)<\/li><li><strong>Musique l\u00e9gale B2B<\/strong>, erkend door Unisono: Zowel 100% online als semi-online (gedeeltelijk internet-onafhankelijk)<\/li><li>De combinatie van beeld en muziek, onafhankelijk van elkaar mogelijk.<\/li><li>Gebruiksvriendelijk en eenvoudig te bedienden<\/li><li>Eigen installatiedienst<\/li><li>Une formation sera dispens\u00e9e.<\/li><li><strong>Muziekdiensten &amp; Digital Signage<\/strong> (beeldschermcommunicatie): Onze muziekoplossingen en ook de digital signage kunnen worden ge\u00efmplementeerd op jouw eigen hardware. Op jouw vraag kan de hardware worden geleverd door Yomie. (Vraag een offerte)<\/li><li>Plus de <strong>3.000<\/strong> tevreden gebruikers profiteren nu al van onze expertise.<\/li><li><span class=\"TextRun SCXW137157483 BCX0\" lang=\"NL-BE\" xml:lang=\"NL-BE\" data-contrast=\"auto\"><span class=\"NormalTextRun SCXW137157483 BCX0\">Op\u00e9rations internationales.<\/span><\/span><span class=\"EOP SCXW137157483 BCX0\" data-ccp-props=\"{&quot;201341983&quot;:0,&quot;335557856&quot;:16777215,&quot;335559739&quot;:420,&quot;335559740&quot;:240}\">\u00a0<\/span><\/li><li>Exp\u00e9rience et expertise : L'\u00e9quipe de Yomy a plus de 20 ans d'exp\u00e9rience dans la cr\u00e9ation d'exp\u00e9riences audiovisuelles et visuelles.<\/li><li><strong>Eigen Software- en hardwareontwikkeling<\/strong>Nous d\u00e9veloppons nos propres logiciels et mat\u00e9riels afin de garantir une qualit\u00e9 et une personnalisation optimales.<\/li><li><strong>Location de mat\u00e9riel<\/strong> is mogelijk.<\/li><li>Muziek en <strong>la publicit\u00e9 sans concurrence<\/strong> in je zaak :\u202f \u201cHou Je klant(en) binnen en je concurrent(en) buiten\u201d<\/li><li><strong>Image et musique gratuites<\/strong> is een interessante opportuniteit. Vraag ons hoe!<\/li><\/ul>\t\t\t\t\t\t\t\t<\/div>\n\t\t\t\t<\/div>\n\t\t\t\t<div class=\"elementor-element elementor-element-978bb50 elementor-button-info elementor-align-left elementor-widget__width-inherit elementor-widget elementor-widget-button\" data-id=\"978bb50\" data-element_type=\"widget\" data-e-type=\"widget\" data-widget_type=\"button.default\">\n\t\t\t\t<div class=\"elementor-widget-container\">\n\t\t\t\t\t\t\t\t\t<div class=\"elementor-button-wrapper\">\n\t\t\t\t\t<a class=\"elementor-button elementor-button-link elementor-size-sm elementor-animation-grow\" href=\"#\">\n\t\t\t\t\t\t<span class=\"elementor-button-content-wrapper\">\n\t\t\t\t\t\t<span class=\"elementor-button-icon\">\n\t\t\t\t<i aria-hidden=\"true\" class=\"far fa-envelope\"><\/i>\t\t\t<\/span>\n\t\t\t\t\t\t\t\t\t<span class=\"elementor-button-text\">Plus d'informations<\/span>\n\t\t\t\t\t<\/span>\n\t\t\t\t\t<\/a>\n\t\t\t\t<\/div>\n\t\t\t\t\t\t\t\t<\/div>\n\t\t\t\t<\/div>\n\t\t\t\t\t<\/div>\n\t\t<\/div>\n\t\t\t\t\t<\/div>\n\t\t<\/section>\n\t\t\t\t\t<\/div>\n\t\t<\/div>\n\t\t\t\t\t<\/div>\n\t\t<\/section>\n\t\t\t\t<\/div>","protected":false},"excerpt":{"rendered":"<p>Wat maakt Yomie zo uniek One-stop-shop voor zowel muziek- en beeldsoftware als hardware, zoals onze minibox (eigen ontwikkelde minicomputer), pc\u2019s, [&hellip;]<\/p>\n","protected":false},"author":1,"featured_media":0,"parent":0,"menu_order":0,"comment_status":"closed","ping_status":"closed","template":"","meta":{"inline_featured_image":false,"site-sidebar-layout":"no-sidebar","site-content-layout":"","ast-site-content-layout":"full-width-container","site-content-style":"default","site-sidebar-style":"default","ast-global-header-display":"","ast-banner-title-visibility":"","ast-main-header-display":"","ast-hfb-above-header-display":"","ast-hfb-below-header-display":"","ast-hfb-mobile-header-display":"","site-post-title":"disabled","ast-breadcrumbs-content":"","ast-featured-img":"disabled","footer-sml-layout":"","ast-disable-related-posts":"","theme-transparent-header-meta":"","adv-header-id-meta":"","stick-header-meta":"","header-above-stick-meta":"","header-main-stick-meta":"","header-below-stick-meta":"","astra-migrate-meta-layouts":"default","ast-page-background-enabled":"default","ast-page-background-meta":{"desktop":{"background-color":"var(--ast-global-color-4)","background-image":"","background-repeat":"repeat","background-position":"center center","background-size":"auto","background-attachment":"scroll","background-type":"","background-media":"","overlay-type":"","overlay-color":"","overlay-opacity":"","overlay-gradient":""},"tablet":{"background-color":"","background-image":"","background-repeat":"repeat","background-position":"center center","background-size":"auto","background-attachment":"scroll","background-type":"","background-media":"","overlay-type":"","overlay-color":"","overlay-opacity":"","overlay-gradient":""},"mobile":{"background-color":"","background-image":"","background-repeat":"repeat","background-position":"center center","background-size":"auto","background-attachment":"scroll","background-type":"","background-media":"","overlay-type":"","overlay-color":"","overlay-opacity":"","overlay-gradient":""}},"ast-content-background-meta":{"desktop":{"background-color":"var(--ast-global-color-5)","background-image":"","background-repeat":"repeat","background-position":"center center","background-size":"auto","background-attachment":"scroll","background-type":"","background-media":"","overlay-type":"","overlay-color":"","overlay-opacity":"","overlay-gradient":""},"tablet":{"background-color":"var(--ast-global-color-5)","background-image":"","background-repeat":"repeat","background-position":"center center","background-size":"auto","background-attachment":"scroll","background-type":"","background-media":"","overlay-type":"","overlay-color":"","overlay-opacity":"","overlay-gradient":""},"mobile":{"background-color":"var(--ast-global-color-5)","background-image":"","background-repeat":"repeat","background-position":"center center","background-size":"auto","background-attachment":"scroll","background-type":"","background-media":"","overlay-type":"","overlay-color":"","overlay-opacity":"","overlay-gradient":""}},"footnotes":""},"class_list":["post-1436","page","type-page","status-publish","hentry"],"yoast_head":"<!-- This site is optimized with the Yoast SEO Premium plugin v27.2 (Yoast SEO v27.5) - https:\/\/yoast.com\/product\/yoast-seo-premium-wordpress\/ -->\n<title>lees meer Wat maakt yomie zo uniek | yomie<\/title>\n<meta name=\"robots\" content=\"index, follow, max-snippet:-1, max-image-preview:large, max-video-preview:-1\" \/>\n<link rel=\"canonical\" href=\"https:\/\/www.yomie.be\/fr\/lees-meer-wat-maakt-yomie-zo-uniek\/\" \/>\n<meta property=\"og:locale\" content=\"fr_FR\" \/>\n<meta property=\"og:type\" content=\"article\" \/>\n<meta property=\"og:title\" content=\"lees meer Wat maakt yomie zo uniek\" \/>\n<meta property=\"og:description\" content=\"Wat maakt Yomie zo uniek One-stop-shop voor zowel muziek- en beeldsoftware als hardware, zoals onze minibox (eigen ontwikkelde minicomputer), pc\u2019s, [&hellip;]\" \/>\n<meta property=\"og:url\" content=\"https:\/\/www.yomie.be\/fr\/lees-meer-wat-maakt-yomie-zo-uniek\/\" \/>\n<meta property=\"og:site_name\" content=\"yomie\" \/>\n<meta property=\"article:publisher\" content=\"https:\/\/www.facebook.com\/profile.php?id=100057484186568\" \/>\n<meta property=\"article:modified_time\" content=\"2024-07-12T13:56:01+00:00\" \/>\n<meta property=\"og:image\" content=\"https:\/\/www.yomie.be\/wp-content\/uploads\/2024\/06\/yomie-wat-ons-onderscheid-van-anderen-1024x1024.png\" \/>\n<meta name=\"twitter:card\" content=\"summary_large_image\" \/>\n<meta name=\"twitter:label1\" content=\"Dur\u00e9e de lecture estim\u00e9e\" \/>\n\t<meta name=\"twitter:data1\" content=\"2 minutes\" \/>\n<script type=\"application\/ld+json\" class=\"yoast-schema-graph\">{\"@context\":\"https:\\\/\\\/schema.org\",\"@graph\":[{\"@type\":\"WebPage\",\"@id\":\"https:\\\/\\\/www.yomie.be\\\/lees-meer-wat-maakt-yomie-zo-uniek\\\/\",\"url\":\"https:\\\/\\\/www.yomie.be\\\/lees-meer-wat-maakt-yomie-zo-uniek\\\/\",\"name\":\"lees meer Wat maakt yomie zo uniek | yomie\",\"isPartOf\":{\"@id\":\"https:\\\/\\\/www.yomie.be\\\/#website\"},\"primaryImageOfPage\":{\"@id\":\"https:\\\/\\\/www.yomie.be\\\/lees-meer-wat-maakt-yomie-zo-uniek\\\/#primaryimage\"},\"image\":{\"@id\":\"https:\\\/\\\/www.yomie.be\\\/lees-meer-wat-maakt-yomie-zo-uniek\\\/#primaryimage\"},\"thumbnailUrl\":\"https:\\\/\\\/www.yomie.be\\\/wp-content\\\/uploads\\\/2024\\\/06\\\/yomie-wat-ons-onderscheid-van-anderen-1024x1024.png\",\"datePublished\":\"2024-07-12T13:32:31+00:00\",\"dateModified\":\"2024-07-12T13:56:01+00:00\",\"breadcrumb\":{\"@id\":\"https:\\\/\\\/www.yomie.be\\\/lees-meer-wat-maakt-yomie-zo-uniek\\\/#breadcrumb\"},\"inLanguage\":\"fr-FR\",\"potentialAction\":[{\"@type\":\"ReadAction\",\"target\":[\"https:\\\/\\\/www.yomie.be\\\/lees-meer-wat-maakt-yomie-zo-uniek\\\/\"]}]},{\"@type\":\"ImageObject\",\"inLanguage\":\"fr-FR\",\"@id\":\"https:\\\/\\\/www.yomie.be\\\/lees-meer-wat-maakt-yomie-zo-uniek\\\/#primaryimage\",\"url\":\"https:\\\/\\\/www.yomie.be\\\/wp-content\\\/uploads\\\/2024\\\/06\\\/yomie-wat-ons-onderscheid-van-anderen-1024x1024.png\",\"contentUrl\":\"https:\\\/\\\/www.yomie.be\\\/wp-content\\\/uploads\\\/2024\\\/06\\\/yomie-wat-ons-onderscheid-van-anderen-1024x1024.png\"},{\"@type\":\"BreadcrumbList\",\"@id\":\"https:\\\/\\\/www.yomie.be\\\/lees-meer-wat-maakt-yomie-zo-uniek\\\/#breadcrumb\",\"itemListElement\":[{\"@type\":\"ListItem\",\"position\":1,\"name\":\"Home\",\"item\":\"https:\\\/\\\/www.yomie.be\\\/\"},{\"@type\":\"ListItem\",\"position\":2,\"name\":\"lees meer Wat maakt yomie zo uniek\"}]},{\"@type\":\"WebSite\",\"@id\":\"https:\\\/\\\/www.yomie.be\\\/#website\",\"url\":\"https:\\\/\\\/www.yomie.be\\\/\",\"name\":\"yomie\",\"description\":\"Uw one stop shop voor muziek en digital signage\",\"publisher\":{\"@id\":\"https:\\\/\\\/www.yomie.be\\\/#organization\"},\"alternateName\":\"yomie muziek en digital signage\",\"potentialAction\":[{\"@type\":\"SearchAction\",\"target\":{\"@type\":\"EntryPoint\",\"urlTemplate\":\"https:\\\/\\\/www.yomie.be\\\/?s={search_term_string}\"},\"query-input\":{\"@type\":\"PropertyValueSpecification\",\"valueRequired\":true,\"valueName\":\"search_term_string\"}}],\"inLanguage\":\"fr-FR\"},{\"@type\":\"Organization\",\"@id\":\"https:\\\/\\\/www.yomie.be\\\/#organization\",\"name\":\"Yomie Muziek & Digital Signage\",\"alternateName\":\"Yomie\",\"url\":\"https:\\\/\\\/www.yomie.be\\\/\",\"logo\":{\"@type\":\"ImageObject\",\"inLanguage\":\"fr-FR\",\"@id\":\"https:\\\/\\\/www.yomie.be\\\/#\\\/schema\\\/logo\\\/image\\\/\",\"url\":\"https:\\\/\\\/www.yomie.be\\\/wp-content\\\/uploads\\\/2022\\\/05\\\/Yomie-logo-zwarte-tekst.png\",\"contentUrl\":\"https:\\\/\\\/www.yomie.be\\\/wp-content\\\/uploads\\\/2022\\\/05\\\/Yomie-logo-zwarte-tekst.png\",\"width\":7835,\"height\":2760,\"caption\":\"Yomie Muziek & Digital Signage\"},\"image\":{\"@id\":\"https:\\\/\\\/www.yomie.be\\\/#\\\/schema\\\/logo\\\/image\\\/\"},\"sameAs\":[\"https:\\\/\\\/www.facebook.com\\\/profile.php?id=100057484186568\",\"https:\\\/\\\/www.instagram.com\\\/yomie.be\\\/\"],\"email\":\"info@yomie.be\",\"legalName\":\"Signage & Music Services BV\",\"foundingDate\":\"2019-03-15\",\"vatID\":\"BE0765.904.773\",\"publishingPrinciples\":\"https:\\\/\\\/www.yomie.be\\\/lees-meer-digital-signage\\\/\"}]}<\/script>\n<!-- \/ Yoast SEO Premium plugin. -->","yoast_head_json":{"title":"lees meer Wat maakt yomie zo uniek | yomie","robots":{"index":"index","follow":"follow","max-snippet":"max-snippet:-1","max-image-preview":"max-image-preview:large","max-video-preview":"max-video-preview:-1"},"canonical":"https:\/\/www.yomie.be\/fr\/lees-meer-wat-maakt-yomie-zo-uniek\/","og_locale":"fr_FR","og_type":"article","og_title":"lees meer Wat maakt yomie zo uniek","og_description":"Wat maakt Yomie zo uniek One-stop-shop voor zowel muziek- en beeldsoftware als hardware, zoals onze minibox (eigen ontwikkelde minicomputer), pc\u2019s, [&hellip;]","og_url":"https:\/\/www.yomie.be\/fr\/lees-meer-wat-maakt-yomie-zo-uniek\/","og_site_name":"yomie","article_publisher":"https:\/\/www.facebook.com\/profile.php?id=100057484186568","article_modified_time":"2024-07-12T13:56:01+00:00","og_image":[{"url":"https:\/\/www.yomie.be\/wp-content\/uploads\/2024\/06\/yomie-wat-ons-onderscheid-van-anderen-1024x1024.png","type":"","width":"","height":""}],"twitter_card":"summary_large_image","twitter_misc":{"Dur\u00e9e de lecture estim\u00e9e":"2 minutes"},"schema":{"@context":"https:\/\/schema.org","@graph":[{"@type":"WebPage","@id":"https:\/\/www.yomie.be\/lees-meer-wat-maakt-yomie-zo-uniek\/","url":"https:\/\/www.yomie.be\/lees-meer-wat-maakt-yomie-zo-uniek\/","name":"lees meer Wat maakt yomie zo uniek | yomie","isPartOf":{"@id":"https:\/\/www.yomie.be\/#website"},"primaryImageOfPage":{"@id":"https:\/\/www.yomie.be\/lees-meer-wat-maakt-yomie-zo-uniek\/#primaryimage"},"image":{"@id":"https:\/\/www.yomie.be\/lees-meer-wat-maakt-yomie-zo-uniek\/#primaryimage"},"thumbnailUrl":"https:\/\/www.yomie.be\/wp-content\/uploads\/2024\/06\/yomie-wat-ons-onderscheid-van-anderen-1024x1024.png","datePublished":"2024-07-12T13:32:31+00:00","dateModified":"2024-07-12T13:56:01+00:00","breadcrumb":{"@id":"https:\/\/www.yomie.be\/lees-meer-wat-maakt-yomie-zo-uniek\/#breadcrumb"},"inLanguage":"fr-FR","potentialAction":[{"@type":"ReadAction","target":["https:\/\/www.yomie.be\/lees-meer-wat-maakt-yomie-zo-uniek\/"]}]},{"@type":"ImageObject","inLanguage":"fr-FR","@id":"https:\/\/www.yomie.be\/lees-meer-wat-maakt-yomie-zo-uniek\/#primaryimage","url":"https:\/\/www.yomie.be\/wp-content\/uploads\/2024\/06\/yomie-wat-ons-onderscheid-van-anderen-1024x1024.png","contentUrl":"https:\/\/www.yomie.be\/wp-content\/uploads\/2024\/06\/yomie-wat-ons-onderscheid-van-anderen-1024x1024.png"},{"@type":"BreadcrumbList","@id":"https:\/\/www.yomie.be\/lees-meer-wat-maakt-yomie-zo-uniek\/#breadcrumb","itemListElement":[{"@type":"ListItem","position":1,"name":"Home","item":"https:\/\/www.yomie.be\/"},{"@type":"ListItem","position":2,"name":"lees meer Wat maakt yomie zo uniek"}]},{"@type":"WebSite","@id":"https:\/\/www.yomie.be\/#website","url":"https:\/\/www.yomie.be\/","name":"yomie","description":"Uw one stop shop voor muziek en digital signage","publisher":{"@id":"https:\/\/www.yomie.be\/#organization"},"alternateName":"yomie muziek en digital signage","potentialAction":[{"@type":"SearchAction","target":{"@type":"EntryPoint","urlTemplate":"https:\/\/www.yomie.be\/?s={search_term_string}"},"query-input":{"@type":"PropertyValueSpecification","valueRequired":true,"valueName":"search_term_string"}}],"inLanguage":"fr-FR"},{"@type":"Organization","@id":"https:\/\/www.yomie.be\/#organization","name":"Yomie Muziek & Digital Signage","alternateName":"Yomie","url":"https:\/\/www.yomie.be\/","logo":{"@type":"ImageObject","inLanguage":"fr-FR","@id":"https:\/\/www.yomie.be\/#\/schema\/logo\/image\/","url":"https:\/\/www.yomie.be\/wp-content\/uploads\/2022\/05\/Yomie-logo-zwarte-tekst.png","contentUrl":"https:\/\/www.yomie.be\/wp-content\/uploads\/2022\/05\/Yomie-logo-zwarte-tekst.png","width":7835,"height":2760,"caption":"Yomie Muziek & Digital Signage"},"image":{"@id":"https:\/\/www.yomie.be\/#\/schema\/logo\/image\/"},"sameAs":["https:\/\/www.facebook.com\/profile.php?id=100057484186568","https:\/\/www.instagram.com\/yomie.be\/"],"email":"info@yomie.be","legalName":"Signage & Music Services BV","foundingDate":"2019-03-15","vatID":"BE0765.904.773","publishingPrinciples":"https:\/\/www.yomie.be\/lees-meer-digital-signage\/"}]}},"_links":{"self":[{"href":"https:\/\/www.yomie.be\/fr\/wp-json\/wp\/v2\/pages\/1436","targetHints":{"allow":["GET"]}}],"collection":[{"href":"https:\/\/www.yomie.be\/fr\/wp-json\/wp\/v2\/pages"}],"about":[{"href":"https:\/\/www.yomie.be\/fr\/wp-json\/wp\/v2\/types\/page"}],"author":[{"embeddable":true,"href":"https:\/\/www.yomie.be\/fr\/wp-json\/wp\/v2\/users\/1"}],"replies":[{"embeddable":true,"href":"https:\/\/www.yomie.be\/fr\/wp-json\/wp\/v2\/comments?post=1436"}],"version-history":[{"count":0,"href":"https:\/\/www.yomie.be\/fr\/wp-json\/wp\/v2\/pages\/1436\/revisions"}],"wp:attachment":[{"href":"https:\/\/www.yomie.be\/fr\/wp-json\/wp\/v2\/media?parent=1436"}],"curies":[{"name":"wp","href":"https:\/\/api.w.org\/{rel}","templated":true}]}}