{"id":1416,"date":"2024-07-12T13:19:40","date_gmt":"2024-07-12T13:19:40","guid":{"rendered":"https:\/\/www.yomie.be\/?page_id=1416"},"modified":"2024-07-12T13:58:58","modified_gmt":"2024-07-12T13:58:58","slug":"en-savoir-plus-yomie-est-le-guichet-unique","status":"publish","type":"page","link":"https:\/\/www.yomie.be\/fr\/lees-meer-yomie-is-de-one-stop-shop\/","title":{"rendered":"en savoir plus Yomie est le guichet unique"},"content":{"rendered":"<div data-elementor-type=\"wp-page\" data-elementor-id=\"1416\" class=\"elementor elementor-1416\" data-elementor-post-type=\"page\">\n\t\t\t\t\t\t<section class=\"elementor-section elementor-top-section elementor-element elementor-element-65f53287 elementor-section-full_width elementor-section-height-min-height elementor-section-content-middle elementor-section-height-default elementor-section-items-middle\" data-id=\"65f53287\" data-element_type=\"section\" data-e-type=\"section\" data-settings=\"{&quot;background_background&quot;:&quot;classic&quot;}\">\n\t\t\t\t\t\t\t<div class=\"elementor-background-overlay\"><\/div>\n\t\t\t\t\t\t\t<div class=\"elementor-container elementor-column-gap-no\">\n\t\t\t\t\t<div class=\"elementor-column elementor-col-100 elementor-top-column elementor-element elementor-element-2335b0de\" data-id=\"2335b0de\" data-element_type=\"column\" data-e-type=\"column\">\n\t\t\t<div class=\"elementor-widget-wrap elementor-element-populated\">\n\t\t\t\t\t\t<section class=\"elementor-section elementor-inner-section elementor-element elementor-element-6cee5da6 elementor-section-full_width elementor-section-height-default elementor-section-height-default\" data-id=\"6cee5da6\" data-element_type=\"section\" data-e-type=\"section\">\n\t\t\t\t\t\t<div class=\"elementor-container elementor-column-gap-default\">\n\t\t\t\t\t<div class=\"elementor-column elementor-col-100 elementor-inner-column elementor-element elementor-element-5dcc8bd4\" data-id=\"5dcc8bd4\" data-element_type=\"column\" data-e-type=\"column\">\n\t\t\t<div class=\"elementor-widget-wrap elementor-element-populated\">\n\t\t\t\t\t\t<div class=\"elementor-element elementor-element-3cf7a82 elementor-widget elementor-widget-heading\" data-id=\"3cf7a82\" data-element_type=\"widget\" data-e-type=\"widget\" data-widget_type=\"heading.default\">\n\t\t\t\t<div class=\"elementor-widget-container\">\n\t\t\t\t\t<h2 class=\"elementor-heading-title elementor-size-default\">Yomie, de la plateforme unique<\/h2>\t\t\t\t<\/div>\n\t\t\t\t<\/div>\n\t\t\t\t\t<\/div>\n\t\t<\/div>\n\t\t\t\t\t<\/div>\n\t\t<\/section>\n\t\t\t\t\t<\/div>\n\t\t<\/div>\n\t\t\t\t\t<\/div>\n\t\t<\/section>\n\t\t\t\t<section class=\"elementor-section elementor-top-section elementor-element elementor-element-2addab28 elementor-section-boxed elementor-section-height-default elementor-section-height-default\" data-id=\"2addab28\" data-element_type=\"section\" data-e-type=\"section\">\n\t\t\t\t\t\t<div class=\"elementor-container elementor-column-gap-default\">\n\t\t\t\t\t<div class=\"elementor-column elementor-col-100 elementor-top-column elementor-element elementor-element-128c6dfe\" data-id=\"128c6dfe\" data-element_type=\"column\" data-e-type=\"column\">\n\t\t\t<div class=\"elementor-widget-wrap elementor-element-populated\">\n\t\t\t\t\t\t<div class=\"elementor-element elementor-element-4b712751 elementor-widget elementor-widget-heading\" data-id=\"4b712751\" data-element_type=\"widget\" data-e-type=\"widget\" data-widget_type=\"heading.default\">\n\t\t\t\t<div class=\"elementor-widget-container\">\n\t\t\t\t\t<h4 class=\"elementor-heading-title elementor-size-default\">Prendre soin de nos clients<\/h4>\t\t\t\t<\/div>\n\t\t\t\t<\/div>\n\t\t\t\t<section class=\"elementor-section elementor-inner-section elementor-element elementor-element-57b5b195 elementor-section-boxed elementor-section-height-default elementor-section-height-default\" data-id=\"57b5b195\" data-element_type=\"section\" data-e-type=\"section\">\n\t\t\t\t\t\t<div class=\"elementor-container elementor-column-gap-default\">\n\t\t\t\t\t<div class=\"elementor-column elementor-col-33 elementor-inner-column elementor-element elementor-element-6cdf4455 elementor-invisible\" data-id=\"6cdf4455\" data-element_type=\"column\" data-e-type=\"column\" data-settings=\"{&quot;background_background&quot;:&quot;gradient&quot;,&quot;animation&quot;:&quot;fadeIn&quot;}\">\n\t\t\t<div class=\"elementor-widget-wrap elementor-element-populated\">\n\t\t\t\t\t\t<div class=\"elementor-element elementor-element-f8d501f elementor-widget elementor-widget-image\" data-id=\"f8d501f\" data-element_type=\"widget\" data-e-type=\"widget\" data-widget_type=\"image.default\">\n\t\t\t\t<div class=\"elementor-widget-container\">\n\t\t\t\t\t\t\t\t\t\t\t\t\t\t\t<img fetchpriority=\"high\" decoding=\"async\" width=\"985\" height=\"1024\" src=\"https:\/\/www.yomie.be\/wp-content\/uploads\/2024\/05\/logo-iceblue.svg\" class=\"attachment-large size-large wp-image-828\" alt=\"Yomie musique ordinateurs et affichage dynamique pour la restauration et les entreprises\" \/>\t\t\t\t\t\t\t\t\t\t\t\t\t\t\t<\/div>\n\t\t\t\t<\/div>\n\t\t\t\t\t<\/div>\n\t\t<\/div>\n\t\t\t\t<div class=\"elementor-column elementor-col-33 elementor-inner-column elementor-element elementor-element-75b250e6\" data-id=\"75b250e6\" data-element_type=\"column\" data-e-type=\"column\">\n\t\t\t<div class=\"elementor-widget-wrap elementor-element-populated\">\n\t\t\t\t\t\t<div class=\"elementor-element elementor-element-206dd0c8 elementor-widget elementor-widget-text-editor\" data-id=\"206dd0c8\" data-element_type=\"widget\" data-e-type=\"widget\" data-widget_type=\"text-editor.default\">\n\t\t\t\t<div class=\"elementor-widget-container\">\n\t\t\t\t\t\t\t\t\t<p>Yomie est d\u00e9 <strong>guichet unique<\/strong> pour des solutions sur mesure dans <strong>musique l\u00e9gale<\/strong> et <strong>signalisation num\u00e9rique<\/strong> (de la communication par \u00e9cran).<\/p><p>les entreprises, organisations et administrations (Horeca) peuvent s'adresser \u00e0 Yomie pour une suite compl\u00e8te de <strong>solutions sur mesure<\/strong> om des <strong>sph\u00e8re<\/strong>, <strong>l'exp\u00e9rience<\/strong> en <strong>l'hospitalit\u00e9<\/strong> en de (interne et externe) <strong>communication<\/strong> de optimaliseren. <br \/>En r\u00e9sum\u00e9, Yomie souhaite vous d\u00e9charger en tant que client en offrant des solutions sur mesure qui am\u00e9liorent l'atmosph\u00e8re g\u00e9n\u00e9rale et l'exp\u00e9rience (dans votre affaire, entreprise, organisation ou administration). <br \/>Gr\u00e2ce \u00e0 une combinaison de logiciels innovants de musique et de signalisation num\u00e9rique, Yomie offre une solution tout-en-un pour transformer et am\u00e9liorer l'exp\u00e9rience globale de vos visiteurs. <br \/>Les applications de la communication par \u00e9cran sont illimit\u00e9es.<\/p><p><br \/>Nous offrons une large gamme d'innovations <strong>solutions logicielles et mat\u00e9rielles<\/strong> qui s'int\u00e8grent parfaitement et r\u00e9pondent parfaitement aux besoins de votre entreprise, de votre organisation ou de votre administration. <br \/>Gr\u00e2ce \u00e0 nos propres logiciels et \u00e0 du mat\u00e9riel soigneusement s\u00e9lectionn\u00e9 et d\u00e9velopp\u00e9 en interne, nous garantissons une solution int\u00e9gr\u00e9e et fiable pour divers d\u00e9fis commerciaux. <br \/>Notre expertise couvre l'int\u00e9gralit\u00e9 du spectre, ce qui nous permet d'offrir une solution transparente qui r\u00e9pond parfaitement aux besoins de nos clients. <br \/>Avec notre logiciel innovant et convivial pour la musique et l'affichage dynamique, vous am\u00e9liorez <strong>l'ambiance et l'hospitalit\u00e9,<\/strong> ce qui contribue \u00e0 prolonger la dur\u00e9e des s\u00e9jours des visiteurs et \u00e0 augmenter votre chiffre d'affaires.<\/p><p><br \/>Onze oplossingen zijn geschikt voor alle sectoren, organisaties en overheden die hun interne en externe communicatie willen versterken via digitale informatieschermen. <br \/>En r\u00e9sum\u00e9. Kortom. Yomie veut vous offrir une exp\u00e9rience client sans souci gr\u00e2ce \u00e0 des solutions sur mesure qui am\u00e9liorent l'atmosph\u00e8re g\u00e9n\u00e9rale et l'exp\u00e9rience (dans votre zaak, entreprise, organisation ou administration).<\/p>\t\t\t\t\t\t\t\t<\/div>\n\t\t\t\t<\/div>\n\t\t\t\t<div class=\"elementor-element elementor-element-7cc2522f elementor-button-info elementor-align-center elementor-widget__width-inherit elementor-widget elementor-widget-button\" data-id=\"7cc2522f\" data-element_type=\"widget\" data-e-type=\"widget\" data-widget_type=\"button.default\">\n\t\t\t\t<div class=\"elementor-widget-container\">\n\t\t\t\t\t\t\t\t\t<div class=\"elementor-button-wrapper\">\n\t\t\t\t\t<a class=\"elementor-button elementor-button-link elementor-size-sm elementor-animation-grow\" href=\"https:\/\/www.yomie.be\/fr\/nous-contacter\/\" target=\"_blank\">\n\t\t\t\t\t\t<span class=\"elementor-button-content-wrapper\">\n\t\t\t\t\t\t<span class=\"elementor-button-icon\">\n\t\t\t\t<i aria-hidden=\"true\" class=\"far fa-envelope\"><\/i>\t\t\t<\/span>\n\t\t\t\t\t\t\t\t\t<span class=\"elementor-button-text\">Plus d'informations<\/span>\n\t\t\t\t\t<\/span>\n\t\t\t\t\t<\/a>\n\t\t\t\t<\/div>\n\t\t\t\t\t\t\t\t<\/div>\n\t\t\t\t<\/div>\n\t\t\t\t\t<\/div>\n\t\t<\/div>\n\t\t\t\t<div class=\"elementor-column elementor-col-33 elementor-inner-column elementor-element elementor-element-17b8394d\" data-id=\"17b8394d\" data-element_type=\"column\" data-e-type=\"column\">\n\t\t\t<div class=\"elementor-widget-wrap\">\n\t\t\t\t\t\t\t<\/div>\n\t\t<\/div>\n\t\t\t\t\t<\/div>\n\t\t<\/section>\n\t\t\t\t\t<\/div>\n\t\t<\/div>\n\t\t\t\t\t<\/div>\n\t\t<\/section>\n\t\t\t\t<\/div>","protected":false},"excerpt":{"rendered":"<p>Yomie, de One-stop-shop Ontzorgen van onze klanten Yomie is d\u00e9 one-stop-shop voor op maat gemaakte oplossingen in legale muziek en [&hellip;]<\/p>\n","protected":false},"author":1,"featured_media":0,"parent":0,"menu_order":0,"comment_status":"closed","ping_status":"closed","template":"elementor_header_footer","meta":{"inline_featured_image":false,"site-sidebar-layout":"no-sidebar","site-content-layout":"","ast-site-content-layout":"full-width-container","site-content-style":"default","site-sidebar-style":"default","ast-global-header-display":"","ast-banner-title-visibility":"","ast-main-header-display":"","ast-hfb-above-header-display":"","ast-hfb-below-header-display":"","ast-hfb-mobile-header-display":"","site-post-title":"disabled","ast-breadcrumbs-content":"","ast-featured-img":"disabled","footer-sml-layout":"","ast-disable-related-posts":"","theme-transparent-header-meta":"","adv-header-id-meta":"","stick-header-meta":"","header-above-stick-meta":"","header-main-stick-meta":"","header-below-stick-meta":"","astra-migrate-meta-layouts":"default","ast-page-background-enabled":"default","ast-page-background-meta":{"desktop":{"background-color":"var(--ast-global-color-4)","background-image":"","background-repeat":"repeat","background-position":"center center","background-size":"auto","background-attachment":"scroll","background-type":"","background-media":"","overlay-type":"","overlay-color":"","overlay-opacity":"","overlay-gradient":""},"tablet":{"background-color":"","background-image":"","background-repeat":"repeat","background-position":"center center","background-size":"auto","background-attachment":"scroll","background-type":"","background-media":"","overlay-type":"","overlay-color":"","overlay-opacity":"","overlay-gradient":""},"mobile":{"background-color":"","background-image":"","background-repeat":"repeat","background-position":"center center","background-size":"auto","background-attachment":"scroll","background-type":"","background-media":"","overlay-type":"","overlay-color":"","overlay-opacity":"","overlay-gradient":""}},"ast-content-background-meta":{"desktop":{"background-color":"var(--ast-global-color-5)","background-image":"","background-repeat":"repeat","background-position":"center center","background-size":"auto","background-attachment":"scroll","background-type":"","background-media":"","overlay-type":"","overlay-color":"","overlay-opacity":"","overlay-gradient":""},"tablet":{"background-color":"var(--ast-global-color-5)","background-image":"","background-repeat":"repeat","background-position":"center center","background-size":"auto","background-attachment":"scroll","background-type":"","background-media":"","overlay-type":"","overlay-color":"","overlay-opacity":"","overlay-gradient":""},"mobile":{"background-color":"var(--ast-global-color-5)","background-image":"","background-repeat":"repeat","background-position":"center center","background-size":"auto","background-attachment":"scroll","background-type":"","background-media":"","overlay-type":"","overlay-color":"","overlay-opacity":"","overlay-gradient":""}},"footnotes":""},"class_list":["post-1416","page","type-page","status-publish","hentry"],"yoast_head":"<!-- This site is optimized with the Yoast SEO Premium plugin v27.2 (Yoast SEO v27.6) - https:\/\/yoast.com\/product\/yoast-seo-premium-wordpress\/ -->\n<title>lees meer Yomie is de one-stop-shop | yomie<\/title>\n<meta name=\"robots\" content=\"index, follow, max-snippet:-1, max-image-preview:large, max-video-preview:-1\" \/>\n<link rel=\"canonical\" href=\"https:\/\/www.yomie.be\/fr\/en-savoir-plus-yomie-est-le-guichet-unique\/\" \/>\n<meta property=\"og:locale\" content=\"fr_FR\" \/>\n<meta property=\"og:type\" content=\"article\" \/>\n<meta property=\"og:title\" content=\"lees meer Yomie is de one-stop-shop\" \/>\n<meta property=\"og:description\" content=\"Yomie, de One-stop-shop Ontzorgen van onze klanten Yomie is d\u00e9 one-stop-shop voor op maat gemaakte oplossingen in legale muziek en [&hellip;]\" \/>\n<meta property=\"og:url\" content=\"https:\/\/www.yomie.be\/fr\/en-savoir-plus-yomie-est-le-guichet-unique\/\" \/>\n<meta property=\"og:site_name\" content=\"yomie\" \/>\n<meta property=\"article:publisher\" content=\"https:\/\/www.facebook.com\/profile.php?id=100057484186568\" \/>\n<meta property=\"article:modified_time\" content=\"2024-07-12T13:58:58+00:00\" \/>\n<meta property=\"og:image\" content=\"https:\/\/www.yomie.be\/wp-content\/uploads\/2024\/05\/logo-iceblue.svg\" \/>\n<meta name=\"twitter:card\" content=\"summary_large_image\" \/>\n<meta name=\"twitter:label1\" content=\"Dur\u00e9e de lecture estim\u00e9e\" \/>\n\t<meta name=\"twitter:data1\" content=\"2 minutes\" \/>\n<script type=\"application\/ld+json\" class=\"yoast-schema-graph\">{\"@context\":\"https:\\\/\\\/schema.org\",\"@graph\":[{\"@type\":\"WebPage\",\"@id\":\"https:\\\/\\\/www.yomie.be\\\/lees-meer-yomie-is-de-one-stop-shop\\\/\",\"url\":\"https:\\\/\\\/www.yomie.be\\\/lees-meer-yomie-is-de-one-stop-shop\\\/\",\"name\":\"lees meer Yomie is de one-stop-shop | yomie\",\"isPartOf\":{\"@id\":\"https:\\\/\\\/www.yomie.be\\\/#website\"},\"primaryImageOfPage\":{\"@id\":\"https:\\\/\\\/www.yomie.be\\\/lees-meer-yomie-is-de-one-stop-shop\\\/#primaryimage\"},\"image\":{\"@id\":\"https:\\\/\\\/www.yomie.be\\\/lees-meer-yomie-is-de-one-stop-shop\\\/#primaryimage\"},\"thumbnailUrl\":\"https:\\\/\\\/www.yomie.be\\\/wp-content\\\/uploads\\\/2024\\\/05\\\/logo-iceblue.svg\",\"datePublished\":\"2024-07-12T13:19:40+00:00\",\"dateModified\":\"2024-07-12T13:58:58+00:00\",\"breadcrumb\":{\"@id\":\"https:\\\/\\\/www.yomie.be\\\/lees-meer-yomie-is-de-one-stop-shop\\\/#breadcrumb\"},\"inLanguage\":\"fr-FR\",\"potentialAction\":[{\"@type\":\"ReadAction\",\"target\":[\"https:\\\/\\\/www.yomie.be\\\/lees-meer-yomie-is-de-one-stop-shop\\\/\"]}]},{\"@type\":\"ImageObject\",\"inLanguage\":\"fr-FR\",\"@id\":\"https:\\\/\\\/www.yomie.be\\\/lees-meer-yomie-is-de-one-stop-shop\\\/#primaryimage\",\"url\":\"https:\\\/\\\/www.yomie.be\\\/wp-content\\\/uploads\\\/2024\\\/05\\\/logo-iceblue.svg\",\"contentUrl\":\"https:\\\/\\\/www.yomie.be\\\/wp-content\\\/uploads\\\/2024\\\/05\\\/logo-iceblue.svg\"},{\"@type\":\"BreadcrumbList\",\"@id\":\"https:\\\/\\\/www.yomie.be\\\/lees-meer-yomie-is-de-one-stop-shop\\\/#breadcrumb\",\"itemListElement\":[{\"@type\":\"ListItem\",\"position\":1,\"name\":\"Home\",\"item\":\"https:\\\/\\\/www.yomie.be\\\/\"},{\"@type\":\"ListItem\",\"position\":2,\"name\":\"lees meer Yomie is de one-stop-shop\"}]},{\"@type\":\"WebSite\",\"@id\":\"https:\\\/\\\/www.yomie.be\\\/#website\",\"url\":\"https:\\\/\\\/www.yomie.be\\\/\",\"name\":\"yomie\",\"description\":\"Uw one stop shop voor muziek en digital signage\",\"publisher\":{\"@id\":\"https:\\\/\\\/www.yomie.be\\\/#organization\"},\"alternateName\":\"yomie muziek en digital signage\",\"potentialAction\":[{\"@type\":\"SearchAction\",\"target\":{\"@type\":\"EntryPoint\",\"urlTemplate\":\"https:\\\/\\\/www.yomie.be\\\/?s={search_term_string}\"},\"query-input\":{\"@type\":\"PropertyValueSpecification\",\"valueRequired\":true,\"valueName\":\"search_term_string\"}}],\"inLanguage\":\"fr-FR\"},{\"@type\":\"Organization\",\"@id\":\"https:\\\/\\\/www.yomie.be\\\/#organization\",\"name\":\"Yomie Muziek & Digital Signage\",\"alternateName\":\"Yomie\",\"url\":\"https:\\\/\\\/www.yomie.be\\\/\",\"logo\":{\"@type\":\"ImageObject\",\"inLanguage\":\"fr-FR\",\"@id\":\"https:\\\/\\\/www.yomie.be\\\/#\\\/schema\\\/logo\\\/image\\\/\",\"url\":\"https:\\\/\\\/www.yomie.be\\\/wp-content\\\/uploads\\\/2022\\\/05\\\/Yomie-logo-zwarte-tekst.png\",\"contentUrl\":\"https:\\\/\\\/www.yomie.be\\\/wp-content\\\/uploads\\\/2022\\\/05\\\/Yomie-logo-zwarte-tekst.png\",\"width\":7835,\"height\":2760,\"caption\":\"Yomie Muziek & Digital Signage\"},\"image\":{\"@id\":\"https:\\\/\\\/www.yomie.be\\\/#\\\/schema\\\/logo\\\/image\\\/\"},\"sameAs\":[\"https:\\\/\\\/www.facebook.com\\\/profile.php?id=100057484186568\",\"https:\\\/\\\/www.instagram.com\\\/yomie.be\\\/\"],\"email\":\"info@yomie.be\",\"legalName\":\"Signage & Music Services BV\",\"foundingDate\":\"2019-03-15\",\"vatID\":\"BE0765.904.773\",\"publishingPrinciples\":\"https:\\\/\\\/www.yomie.be\\\/lees-meer-digital-signage\\\/\"}]}<\/script>\n<!-- \/ Yoast SEO Premium plugin. -->","yoast_head_json":{"title":"En savoir plus Yomie est le guichet unique | yomie","robots":{"index":"index","follow":"follow","max-snippet":"max-snippet:-1","max-image-preview":"max-image-preview:large","max-video-preview":"max-video-preview:-1"},"canonical":"https:\/\/www.yomie.be\/fr\/en-savoir-plus-yomie-est-le-guichet-unique\/","og_locale":"fr_FR","og_type":"article","og_title":"lees meer Yomie is de one-stop-shop","og_description":"Yomie, de One-stop-shop Ontzorgen van onze klanten Yomie is d\u00e9 one-stop-shop voor op maat gemaakte oplossingen in legale muziek en [&hellip;]","og_url":"https:\/\/www.yomie.be\/fr\/en-savoir-plus-yomie-est-le-guichet-unique\/","og_site_name":"yomie","article_publisher":"https:\/\/www.facebook.com\/profile.php?id=100057484186568","article_modified_time":"2024-07-12T13:58:58+00:00","og_image":[{"url":"https:\/\/www.yomie.be\/wp-content\/uploads\/2024\/05\/logo-iceblue.svg","type":"","width":"","height":""}],"twitter_card":"summary_large_image","twitter_misc":{"Dur\u00e9e de lecture estim\u00e9e":"2 minutes"},"schema":{"@context":"https:\/\/schema.org","@graph":[{"@type":"WebPage","@id":"https:\/\/www.yomie.be\/lees-meer-yomie-is-de-one-stop-shop\/","url":"https:\/\/www.yomie.be\/lees-meer-yomie-is-de-one-stop-shop\/","name":"En savoir plus Yomie est le guichet unique | yomie","isPartOf":{"@id":"https:\/\/www.yomie.be\/#website"},"primaryImageOfPage":{"@id":"https:\/\/www.yomie.be\/lees-meer-yomie-is-de-one-stop-shop\/#primaryimage"},"image":{"@id":"https:\/\/www.yomie.be\/lees-meer-yomie-is-de-one-stop-shop\/#primaryimage"},"thumbnailUrl":"https:\/\/www.yomie.be\/wp-content\/uploads\/2024\/05\/logo-iceblue.svg","datePublished":"2024-07-12T13:19:40+00:00","dateModified":"2024-07-12T13:58:58+00:00","breadcrumb":{"@id":"https:\/\/www.yomie.be\/lees-meer-yomie-is-de-one-stop-shop\/#breadcrumb"},"inLanguage":"fr-FR","potentialAction":[{"@type":"ReadAction","target":["https:\/\/www.yomie.be\/lees-meer-yomie-is-de-one-stop-shop\/"]}]},{"@type":"ImageObject","inLanguage":"fr-FR","@id":"https:\/\/www.yomie.be\/lees-meer-yomie-is-de-one-stop-shop\/#primaryimage","url":"https:\/\/www.yomie.be\/wp-content\/uploads\/2024\/05\/logo-iceblue.svg","contentUrl":"https:\/\/www.yomie.be\/wp-content\/uploads\/2024\/05\/logo-iceblue.svg"},{"@type":"BreadcrumbList","@id":"https:\/\/www.yomie.be\/lees-meer-yomie-is-de-one-stop-shop\/#breadcrumb","itemListElement":[{"@type":"ListItem","position":1,"name":"Home","item":"https:\/\/www.yomie.be\/"},{"@type":"ListItem","position":2,"name":"lees meer Yomie is de one-stop-shop"}]},{"@type":"WebSite","@id":"https:\/\/www.yomie.be\/#website","url":"https:\/\/www.yomie.be\/","name":"yomie","description":"Votre guichet unique pour la musique et la signalisation num\u00e9rique","publisher":{"@id":"https:\/\/www.yomie.be\/#organization"},"alternateName":"yomie muziek en digital signage","potentialAction":[{"@type":"SearchAction","target":{"@type":"EntryPoint","urlTemplate":"https:\/\/www.yomie.be\/?s={search_term_string}"},"query-input":{"@type":"PropertyValueSpecification","valueRequired":true,"valueName":"search_term_string"}}],"inLanguage":"fr-FR"},{"@type":"Organization","@id":"https:\/\/www.yomie.be\/#organization","name":"Yomie Muziek &amp; Affichage Num\u00e9rique","alternateName":"Yomie","url":"https:\/\/www.yomie.be\/","logo":{"@type":"ImageObject","inLanguage":"fr-FR","@id":"https:\/\/www.yomie.be\/#\/schema\/logo\/image\/","url":"https:\/\/www.yomie.be\/wp-content\/uploads\/2022\/05\/Yomie-logo-zwarte-tekst.png","contentUrl":"https:\/\/www.yomie.be\/wp-content\/uploads\/2022\/05\/Yomie-logo-zwarte-tekst.png","width":7835,"height":2760,"caption":"Yomie Muziek & Digital Signage"},"image":{"@id":"https:\/\/www.yomie.be\/#\/schema\/logo\/image\/"},"sameAs":["https:\/\/www.facebook.com\/profile.php?id=100057484186568","https:\/\/www.instagram.com\/yomie.be\/"],"email":"info@yomie.be","legalName":"Signage & Music Services BV","foundingDate":"2019-03-15","vatID":"BE0765.904.773","publishingPrinciples":"https:\/\/www.yomie.be\/lees-meer-digital-signage\/"}]}},"_links":{"self":[{"href":"https:\/\/www.yomie.be\/fr\/wp-json\/wp\/v2\/pages\/1416","targetHints":{"allow":["GET"]}}],"collection":[{"href":"https:\/\/www.yomie.be\/fr\/wp-json\/wp\/v2\/pages"}],"about":[{"href":"https:\/\/www.yomie.be\/fr\/wp-json\/wp\/v2\/types\/page"}],"author":[{"embeddable":true,"href":"https:\/\/www.yomie.be\/fr\/wp-json\/wp\/v2\/users\/1"}],"replies":[{"embeddable":true,"href":"https:\/\/www.yomie.be\/fr\/wp-json\/wp\/v2\/comments?post=1416"}],"version-history":[{"count":0,"href":"https:\/\/www.yomie.be\/fr\/wp-json\/wp\/v2\/pages\/1416\/revisions"}],"wp:attachment":[{"href":"https:\/\/www.yomie.be\/fr\/wp-json\/wp\/v2\/media?parent=1416"}],"curies":[{"name":"wp","href":"https:\/\/api.w.org\/{rel}","templated":true}]}}