{"id":1159,"date":"2024-06-26T11:43:23","date_gmt":"2024-06-26T11:43:23","guid":{"rendered":"https:\/\/www.yomie.be\/?page_id=1159"},"modified":"2025-05-21T08:09:47","modified_gmt":"2025-05-21T08:09:47","slug":"declaration-de-confidentialite","status":"publish","type":"page","link":"https:\/\/www.yomie.be\/fr\/privacy-verklaring\/","title":{"rendered":"D\u00e9claration de confidentialit\u00e9"},"content":{"rendered":"<div data-elementor-type=\"wp-page\" data-elementor-id=\"1159\" class=\"elementor elementor-1159\" data-elementor-post-type=\"page\">\n\t\t\t\t\t\t<section class=\"elementor-section elementor-top-section elementor-element elementor-element-070e5c9 elementor-section-boxed elementor-section-height-default elementor-section-height-default\" data-id=\"070e5c9\" data-element_type=\"section\" data-e-type=\"section\">\n\t\t\t\t\t\t<div class=\"elementor-container elementor-column-gap-default\">\n\t\t\t\t\t<div class=\"elementor-column elementor-col-100 elementor-top-column elementor-element elementor-element-bc6717c\" data-id=\"bc6717c\" data-element_type=\"column\" data-e-type=\"column\">\n\t\t\t<div class=\"elementor-widget-wrap elementor-element-populated\">\n\t\t\t\t\t\t<div class=\"elementor-element elementor-element-a97ca85 elementor-widget elementor-widget-text-editor\" data-id=\"a97ca85\" data-element_type=\"widget\" data-e-type=\"widget\" data-widget_type=\"text-editor.default\">\n\t\t\t\t<div class=\"elementor-widget-container\">\n\t\t\t\t\t\t\t\t\t<h4 class=\"translation-block\">D\u00c9CLARATION<strong> DE CONFIDENTIALIT\u00c9<\/strong><\/h4><div><strong>\u00a0<\/strong><\/div><p><span style=\"font-size: 15px;\">Lorsque cette d\u00e9claration de confidentialit\u00e9 fait r\u00e9f\u00e9rence \u00e0 Yomie, elle fait r\u00e9f\u00e9rence \u00e0 <strong>Signage &amp; Musicservices BV, dont le si\u00e8ge social est situ\u00e9 \u00e0 3500 Hasselt, Bedrijfsstraat 2 bus 5 et dont le num\u00e9ro d'entreprise est 0765.904.773 RPR Hasselt,<\/strong> ainsi qu'\u00e0 toute soci\u00e9t\u00e9 affili\u00e9e \u00e0 Signage &amp; Musicservices BV conform\u00e9ment \u00e0 l'article 11 du Code des soci\u00e9t\u00e9s.<\/span><\/p><p>Lorsque vous utilisez les services de Yomie, vous lui confiez vos donn\u00e9es. Cette d\u00e9claration de confidentialit\u00e9 vise \u00e0 vous fournir des \u00e9claircissements sur les donn\u00e9es que Yomie collecte, pourquoi Yomie les collecte et ce qu'il en fait. Yomie tient \u00e9galement \u00e0 souligner que Yomie est toujours \u00e0 votre disposition si vous souhaitez apporter des modifications aux donn\u00e9es dont Yomie dispose.<\/p><p>Cette d\u00e9claration de confidentialit\u00e9 d\u00e9finit :<\/p><ul><li>quelles donn\u00e9es Yomie collecte<\/li><li>comment Yomie utilise ces donn\u00e9es<\/li><li>comment vous pouvez faire ajuster vos donn\u00e9es<\/li><li>quand cette d\u00e9claration de confidentialit\u00e9 s'applique<\/li><li>comment le respect de cette d\u00e9claration de confidentialit\u00e9 est contr\u00f4l\u00e9 et comment les plaintes concernant cette d\u00e9claration de confidentialit\u00e9 sont trait\u00e9es<\/li><li>comment les modifications apport\u00e9es \u00e0 cette d\u00e9claration de confidentialit\u00e9 sont communiqu\u00e9es<\/li><\/ul><p><strong><em>1. Quelles donn\u00e9es Yomie collecte-t-il ?<\/em><\/strong><br \/>Vos donn\u00e9es sont principalement collect\u00e9es pour \u00e9tablir des informations de base (telles que votre nom, votre adresse, la langue que vous parlez) ainsi que des informations plus personnelles (telles que les postes que vous occupez, le sexe, etc.) dont Yomie a besoin pour fournir les services pour lesquels vous comptez sur lui\/elle.<\/p><p>Pour presque tous les services Yomie, vous devez fournir \u00e0 Yomie vos donn\u00e9es d'identification les plus importantes \u00e0 l'avance. Cela se fait en cr\u00e9ant un compte sur le site, la lettre de mission. Ces donn\u00e9es sont stock\u00e9es dans les bases de donn\u00e9es de Yomie.<\/p><p>Cependant, Yomie ne collecte pas de donn\u00e9es personnelles relatives \u00e0 des cat\u00e9gories sensibles, telles que les cat\u00e9gories bas\u00e9es sur la race, la religion, l'orientation sexuelle ou la sant\u00e9.<\/p><p><strong><em>2. Comment Yomie utilise-t-il ces donn\u00e9es ?<\/em><\/strong><br \/><span style=\"font-size: 15px;\">Yomie attache une grande importance au respect de votre vie priv\u00e9e.<\/span><\/p><p>Les informations qu'il\/elle collecte conform\u00e9ment \u00e0 ce qui pr\u00e9c\u00e8de seront trait\u00e9es conform\u00e9ment aux dispositions du R\u00e8glement g\u00e9n\u00e9ral sur la protection des donn\u00e9es ou R\u00e8glement 2016\/679 du Parlement europ\u00e9en et du Conseil du 27 avril 2016 relatif \u00e0 la protection des personnes physiques \u00e0 l'\u00e9gard du traitement des donn\u00e9es \u00e0 caract\u00e8re personnel et \u00e0 la libre circulation de ces donn\u00e9es.<\/p><p>Yomie utilise ces informations pour fournir les services pour lesquels vous avez demand\u00e9 son intervention.<\/p><p>Yomie vous demandera votre permission avant d'utiliser les donn\u00e9es \u00e0 des fins autres que celles d\u00e9crites dans la pr\u00e9sente d\u00e9claration de confidentialit\u00e9. Avec votre accord, vos donn\u00e9es, telles que votre adresse e-mail, peuvent \u00eatre utilis\u00e9es pour vous tenir inform\u00e9 sur des sujets susceptibles de vous int\u00e9resser. De plus, Yomie peut utiliser votre adresse e-mail pour vous informer de ses services, par exemple pour vous informer des changements ou am\u00e9liorations \u00e0 venir de ses services.<\/p><p>Yomie traite vos donn\u00e9es personnelles sur ses serveurs. Yomie peut traiter vos donn\u00e9es personnelles sur un serveur situ\u00e9 en dehors du pays o\u00f9 vous r\u00e9sidez.<\/p><p>Yomie ne partage pas d'informations personnelles avec des entreprises, des organisations et des particuliers ext\u00e9rieurs \u00e0 Yomie, sauf dans l'une des circonstances suivantes :<\/p><p><strong>Avec votre consentement<\/strong><\/p><p>Yomie peut partager des informations personnelles avec des entreprises, des organisations ou des individus ext\u00e9rieurs \u00e0 Yomie lorsque vous lui avez donn\u00e9 la permission de le faire.<\/p><p><strong>\u00b7 Avec les administrateurs de domaine<\/strong><\/p><p>Si l'un des programmes de Yomie est g\u00e9r\u00e9 par un administrateur de domaine, cet administrateur de domaine aura acc\u00e8s \u00e0 vos informations personnelles (y compris votre adresse e-mail et d'autres informations). Cet administrateur de domaine peut \u00eatre en mesure d'effectuer les op\u00e9rations suivantes :<\/p><p>acc\u00e9der ou enregistrer vos donn\u00e9es stock\u00e9es dans le cadre de votre profil.<br \/>recevoir vos informations pour se conformer aux lois, r\u00e9glementations, proc\u00e9dures l\u00e9gales ou demandes applicables visant \u00e0<br \/>limiter la possibilit\u00e9 de supprimer ou de modifier des informations<br \/>Pour des raisons juridiques<\/p><p>Yomie partagera des informations personnelles avec des entreprises, des organisations ou des individus ext\u00e9rieurs \u00e0 Yomie si elle estime de bonne foi que l'acc\u00e8s, l'utilisation, la conservation ou la divulgation des informations est raisonnablement n\u00e9cessaire pour :<\/p><p>pour se conformer \u00e0 toute loi, r\u00e9glementation, proc\u00e9dure l\u00e9gale ou demande ex\u00e9cutoire applicable ou<br \/>pour faire respecter les conditions g\u00e9n\u00e9rales applicables, y compris pour enqu\u00eater sur<br \/>les fraudes potentielles et d\u00e9tecter, pr\u00e9venir ou r\u00e9soudre de toute autre mani\u00e8re les probl\u00e8mes techniques ou de s\u00e9curit\u00e9 ;<br \/>pour prot\u00e9ger les droits, la propri\u00e9t\u00e9 ou la s\u00e9curit\u00e9 de Yomie, de ses clients ou du public, comme l'exige ou le permet la loi.<br \/>Si Yomie est impliqu\u00e9e dans une fusion, une acquisition ou une vente d'actifs, elle continuera \u00e0 garantir la confidentialit\u00e9 des informations personnelles et \u00e0 informer ses clients avant que les informations personnelles ne soient transf\u00e9r\u00e9es ou ne soient soumises \u00e0 une politique de confidentialit\u00e9 diff\u00e9rente.<\/p><p>Yomie met tout en \u0153uvre pour se prot\u00e9ger et prot\u00e9ger sa client\u00e8le contre tout acc\u00e8s non autoris\u00e9 ou toute modification, divulgation ou destruction non autoris\u00e9e des donn\u00e9es en sa possession. En particulier, les dispositions suivantes s\u2019appliquent :<\/p><p>Yomie examine p\u00e9riodiquement et syst\u00e9matiquement ses pratiques de collecte, de stockage et de traitement des donn\u00e9es, y compris les mesures de s\u00e9curit\u00e9 physique, pour se pr\u00e9munir contre tout acc\u00e8s non autoris\u00e9 \u00e0<br \/>Yomie. Yomie restreint l'acc\u00e8s aux donn\u00e9es personnelles aux employ\u00e9s, sous-traitants et agents de Yomie qui ont besoin de conna\u00eetre ces donn\u00e9es afin de les traiter pour Yomie. Ces personnes sont soumises \u00e0 des obligations contractuelles strictes de confidentialit\u00e9 et peuvent \u00eatre sanctionn\u00e9es ou licenci\u00e9es si elles ne respectent pas ces obligations.<\/p><p><strong><em>3. Comment pouvez-vous faire modifier vos donn\u00e9es ?<\/em><\/strong><br \/>Les gens se soucient de leur vie priv\u00e9e de diff\u00e9rentes mani\u00e8res. L'objectif de Yomie est d'\u00eatre clair sur les donn\u00e9es qu'il collecte afin que vous puissiez prendre des d\u00e9cisions \u00e9clair\u00e9es sur la mani\u00e8re dont vos donn\u00e9es sont utilis\u00e9es. Vous pouvez contacter Yomie \u00e0 info@yomie.be et\/ou par courrier recommand\u00e9 \u00e0 3500 Hasselt \u2013 Bedrijfsstraat 2 \/ 5<\/p><ul><li>pour soumettre une demande de modification, de r\u00e9cup\u00e9ration ou de suppression de vos donn\u00e9es ;<\/li><li>de donner ou de retirer votre consentement \u00e0 l\u2019utilisation de vos donn\u00e9es personnelles \u00e0 des fins promotionnelles, de publicit\u00e9 personnalis\u00e9e ou \u00e0 d\u2019autres fins de (re)marketing ;<\/li><li>signaler une violation de donn\u00e9es<p>Si vous indiquez comme indiqu\u00e9 ci-dessus que vous souhaitez modifier, demander ou supprimer vos donn\u00e9es personnelles, Yomie tentera de mettre \u00e0 jour, de rendre disponibles ou de supprimer rapidement ces donn\u00e9es, \u00e0 moins que Yomie n'ait besoin de conserver ces donn\u00e9es \u00e0 des fins commerciales ou juridiques l\u00e9gitimes. Lorsque vous mettez \u00e0 jour vos informations personnelles, Yomie peut vous demander de v\u00e9rifier votre identit\u00e9 avant de traiter votre demande.<\/p><\/li><\/ul><p>Yomie peut rejeter les demandes qui sont d\u00e9raisonnablement r\u00e9p\u00e9titives, n\u00e9cessitent un effort technique disproportionn\u00e9 (par exemple, d\u00e9velopper un nouveau syst\u00e8me ou modifier fondamentalement une pratique existante), compromettent la vie priv\u00e9e d'autrui ou seraient extr\u00eamement peu pratiques (par exemple, les demandes concernant des informations r\u00e9sidant sur des syst\u00e8mes de sauvegarde).<\/p><p>Yomie s'efforce de maintenir ses bases de donn\u00e9es de mani\u00e8re \u00e0 prot\u00e9ger les donn\u00e9es contre toute destruction ou divulgation accidentelle ou malveillante. Par cons\u00e9quent, une fois vos informations supprim\u00e9es de ses bases de donn\u00e9es, Yomie peut ne pas supprimer imm\u00e9diatement les copies r\u00e9siduelles de ses serveurs actifs et ne peut pas supprimer les donn\u00e9es de ses syst\u00e8mes de sauvegarde.<\/p><p><strong><em>4. Quand cette d\u00e9claration de confidentialit\u00e9 s\u2019applique-t-elle ?<\/em><\/strong><br \/>Cette d\u00e9claration de confidentialit\u00e9 s'applique \u00e0 tous les services offerts par Yomie.<\/p><p><strong><em>5. Comment le respect de cette d\u00e9claration de confidentialit\u00e9 est-il contr\u00f4l\u00e9 et comment les plaintes concernant cette d\u00e9claration de confidentialit\u00e9 sont-elles trait\u00e9es ?<\/em><\/strong><br \/>Yomie v\u00e9rifie r\u00e9guli\u00e8rement s'il\/elle respecte sa propre d\u00e9claration de confidentialit\u00e9. Lorsque Yomie re\u00e7oit des plaintes \u00e9crites officielles, il\/elle contactera la personne qui a d\u00e9pos\u00e9 la plainte pour discuter des prochaines \u00e9tapes.<\/p><p><strong><em>6. Comment les modifications apport\u00e9es \u00e0 cette d\u00e9claration de confidentialit\u00e9 sont-elles communiqu\u00e9es ?<\/em><\/strong><br \/>Cette d\u00e9claration de confidentialit\u00e9 peut \u00eatre modifi\u00e9e de temps \u00e0 autre. Yomie publiera toute modification de la d\u00e9claration de confidentialit\u00e9 sur cette page.<\/p>\t\t\t\t\t\t\t\t<\/div>\n\t\t\t\t<\/div>\n\t\t\t\t\t<\/div>\n\t\t<\/div>\n\t\t\t\t\t<\/div>\n\t\t<\/section>\n\t\t\t\t<\/div>","protected":false},"excerpt":{"rendered":"<p>PRIVACY VERKLARING \u00a0 Wanneer in deze privacyverklaring verwezen wordt naar Yomie, wordt verwezen naar Signage &amp; Musicservices BV, met maatschappelijke [&hellip;]<\/p>\n","protected":false},"author":1,"featured_media":0,"parent":0,"menu_order":0,"comment_status":"closed","ping_status":"closed","template":"elementor_header_footer","meta":{"inline_featured_image":false,"site-sidebar-layout":"no-sidebar","site-content-layout":"","ast-site-content-layout":"full-width-container","site-content-style":"default","site-sidebar-style":"default","ast-global-header-display":"","ast-banner-title-visibility":"","ast-main-header-display":"","ast-hfb-above-header-display":"","ast-hfb-below-header-display":"","ast-hfb-mobile-header-display":"","site-post-title":"disabled","ast-breadcrumbs-content":"","ast-featured-img":"disabled","footer-sml-layout":"","ast-disable-related-posts":"","theme-transparent-header-meta":"","adv-header-id-meta":"","stick-header-meta":"","header-above-stick-meta":"","header-main-stick-meta":"","header-below-stick-meta":"","astra-migrate-meta-layouts":"default","ast-page-background-enabled":"default","ast-page-background-meta":{"desktop":{"background-color":"var(--ast-global-color-4)","background-image":"","background-repeat":"repeat","background-position":"center center","background-size":"auto","background-attachment":"scroll","background-type":"","background-media":"","overlay-type":"","overlay-color":"","overlay-opacity":"","overlay-gradient":""},"tablet":{"background-color":"","background-image":"","background-repeat":"repeat","background-position":"center center","background-size":"auto","background-attachment":"scroll","background-type":"","background-media":"","overlay-type":"","overlay-color":"","overlay-opacity":"","overlay-gradient":""},"mobile":{"background-color":"","background-image":"","background-repeat":"repeat","background-position":"center center","background-size":"auto","background-attachment":"scroll","background-type":"","background-media":"","overlay-type":"","overlay-color":"","overlay-opacity":"","overlay-gradient":""}},"ast-content-background-meta":{"desktop":{"background-color":"var(--ast-global-color-5)","background-image":"","background-repeat":"repeat","background-position":"center center","background-size":"auto","background-attachment":"scroll","background-type":"","background-media":"","overlay-type":"","overlay-color":"","overlay-opacity":"","overlay-gradient":""},"tablet":{"background-color":"var(--ast-global-color-5)","background-image":"","background-repeat":"repeat","background-position":"center center","background-size":"auto","background-attachment":"scroll","background-type":"","background-media":"","overlay-type":"","overlay-color":"","overlay-opacity":"","overlay-gradient":""},"mobile":{"background-color":"var(--ast-global-color-5)","background-image":"","background-repeat":"repeat","background-position":"center center","background-size":"auto","background-attachment":"scroll","background-type":"","background-media":"","overlay-type":"","overlay-color":"","overlay-opacity":"","overlay-gradient":""}},"footnotes":""},"class_list":["post-1159","page","type-page","status-publish","hentry"],"yoast_head":"<!-- This site is optimized with the Yoast SEO Premium plugin v27.2 (Yoast SEO v27.4) - https:\/\/yoast.com\/product\/yoast-seo-premium-wordpress\/ -->\n<title>Privacy verklaring | yomie<\/title>\n<meta name=\"robots\" content=\"index, follow, max-snippet:-1, max-image-preview:large, max-video-preview:-1\" \/>\n<link rel=\"canonical\" href=\"https:\/\/www.yomie.be\/fr\/declaration-de-confidentialite\/\" \/>\n<meta property=\"og:locale\" content=\"fr_FR\" \/>\n<meta property=\"og:type\" content=\"article\" \/>\n<meta property=\"og:title\" content=\"Privacy verklaring\" \/>\n<meta property=\"og:description\" content=\"PRIVACY VERKLARING \u00a0 Wanneer in deze privacyverklaring verwezen wordt naar Yomie, wordt verwezen naar Signage &amp; Musicservices BV, met maatschappelijke [&hellip;]\" \/>\n<meta property=\"og:url\" content=\"https:\/\/www.yomie.be\/fr\/declaration-de-confidentialite\/\" \/>\n<meta property=\"og:site_name\" content=\"yomie\" \/>\n<meta property=\"article:publisher\" content=\"https:\/\/www.facebook.com\/profile.php?id=100057484186568\" \/>\n<meta property=\"article:modified_time\" content=\"2025-05-21T08:09:47+00:00\" \/>\n<meta property=\"og:image\" content=\"https:\/\/www.yomie.be\/wp-content\/uploads\/2026\/03\/Yomie-logo-zwarte-tekst.jpg\" \/>\n\t<meta property=\"og:image:width\" content=\"1200\" \/>\n\t<meta property=\"og:image:height\" content=\"423\" \/>\n\t<meta property=\"og:image:type\" content=\"image\/jpeg\" \/>\n<meta name=\"twitter:card\" content=\"summary_large_image\" \/>\n<meta name=\"twitter:label1\" content=\"Dur\u00e9e de lecture estim\u00e9e\" \/>\n\t<meta name=\"twitter:data1\" content=\"6 minutes\" \/>\n<script type=\"application\/ld+json\" class=\"yoast-schema-graph\">{\"@context\":\"https:\\\/\\\/schema.org\",\"@graph\":[{\"@type\":\"WebPage\",\"@id\":\"https:\\\/\\\/www.yomie.be\\\/privacy-verklaring\\\/\",\"url\":\"https:\\\/\\\/www.yomie.be\\\/privacy-verklaring\\\/\",\"name\":\"Privacy verklaring | yomie\",\"isPartOf\":{\"@id\":\"https:\\\/\\\/www.yomie.be\\\/#website\"},\"datePublished\":\"2024-06-26T11:43:23+00:00\",\"dateModified\":\"2025-05-21T08:09:47+00:00\",\"breadcrumb\":{\"@id\":\"https:\\\/\\\/www.yomie.be\\\/privacy-verklaring\\\/#breadcrumb\"},\"inLanguage\":\"fr-FR\",\"potentialAction\":[{\"@type\":\"ReadAction\",\"target\":[\"https:\\\/\\\/www.yomie.be\\\/privacy-verklaring\\\/\"]}]},{\"@type\":\"BreadcrumbList\",\"@id\":\"https:\\\/\\\/www.yomie.be\\\/privacy-verklaring\\\/#breadcrumb\",\"itemListElement\":[{\"@type\":\"ListItem\",\"position\":1,\"name\":\"Home\",\"item\":\"https:\\\/\\\/www.yomie.be\\\/\"},{\"@type\":\"ListItem\",\"position\":2,\"name\":\"Privacy verklaring\"}]},{\"@type\":\"WebSite\",\"@id\":\"https:\\\/\\\/www.yomie.be\\\/#website\",\"url\":\"https:\\\/\\\/www.yomie.be\\\/\",\"name\":\"yomie\",\"description\":\"Uw one stop shop voor muziek en digital signage\",\"publisher\":{\"@id\":\"https:\\\/\\\/www.yomie.be\\\/#organization\"},\"alternateName\":\"yomie muziek en digital signage\",\"potentialAction\":[{\"@type\":\"SearchAction\",\"target\":{\"@type\":\"EntryPoint\",\"urlTemplate\":\"https:\\\/\\\/www.yomie.be\\\/?s={search_term_string}\"},\"query-input\":{\"@type\":\"PropertyValueSpecification\",\"valueRequired\":true,\"valueName\":\"search_term_string\"}}],\"inLanguage\":\"fr-FR\"},{\"@type\":\"Organization\",\"@id\":\"https:\\\/\\\/www.yomie.be\\\/#organization\",\"name\":\"Yomie Muziek & Digital Signage\",\"alternateName\":\"Yomie\",\"url\":\"https:\\\/\\\/www.yomie.be\\\/\",\"logo\":{\"@type\":\"ImageObject\",\"inLanguage\":\"fr-FR\",\"@id\":\"https:\\\/\\\/www.yomie.be\\\/#\\\/schema\\\/logo\\\/image\\\/\",\"url\":\"https:\\\/\\\/www.yomie.be\\\/wp-content\\\/uploads\\\/2022\\\/05\\\/Yomie-logo-zwarte-tekst.png\",\"contentUrl\":\"https:\\\/\\\/www.yomie.be\\\/wp-content\\\/uploads\\\/2022\\\/05\\\/Yomie-logo-zwarte-tekst.png\",\"width\":7835,\"height\":2760,\"caption\":\"Yomie Muziek & Digital Signage\"},\"image\":{\"@id\":\"https:\\\/\\\/www.yomie.be\\\/#\\\/schema\\\/logo\\\/image\\\/\"},\"sameAs\":[\"https:\\\/\\\/www.facebook.com\\\/profile.php?id=100057484186568\",\"https:\\\/\\\/www.instagram.com\\\/yomie.be\\\/\"],\"email\":\"info@yomie.be\",\"legalName\":\"Signage & Music Services BV\",\"foundingDate\":\"2019-03-15\",\"vatID\":\"BE0765.904.773\",\"publishingPrinciples\":\"https:\\\/\\\/www.yomie.be\\\/lees-meer-digital-signage\\\/\"}]}<\/script>\n<!-- \/ Yoast SEO Premium plugin. -->","yoast_head_json":{"title":"Privacy verklaring | yomie","robots":{"index":"index","follow":"follow","max-snippet":"max-snippet:-1","max-image-preview":"max-image-preview:large","max-video-preview":"max-video-preview:-1"},"canonical":"https:\/\/www.yomie.be\/fr\/declaration-de-confidentialite\/","og_locale":"fr_FR","og_type":"article","og_title":"Privacy verklaring","og_description":"PRIVACY VERKLARING \u00a0 Wanneer in deze privacyverklaring verwezen wordt naar Yomie, wordt verwezen naar Signage &amp; Musicservices BV, met maatschappelijke [&hellip;]","og_url":"https:\/\/www.yomie.be\/fr\/declaration-de-confidentialite\/","og_site_name":"yomie","article_publisher":"https:\/\/www.facebook.com\/profile.php?id=100057484186568","article_modified_time":"2025-05-21T08:09:47+00:00","og_image":[{"width":1200,"height":423,"url":"https:\/\/www.yomie.be\/wp-content\/uploads\/2026\/03\/Yomie-logo-zwarte-tekst.jpg","type":"image\/jpeg"}],"twitter_card":"summary_large_image","twitter_misc":{"Dur\u00e9e de lecture estim\u00e9e":"6 minutes"},"schema":{"@context":"https:\/\/schema.org","@graph":[{"@type":"WebPage","@id":"https:\/\/www.yomie.be\/privacy-verklaring\/","url":"https:\/\/www.yomie.be\/privacy-verklaring\/","name":"Privacy verklaring | yomie","isPartOf":{"@id":"https:\/\/www.yomie.be\/#website"},"datePublished":"2024-06-26T11:43:23+00:00","dateModified":"2025-05-21T08:09:47+00:00","breadcrumb":{"@id":"https:\/\/www.yomie.be\/privacy-verklaring\/#breadcrumb"},"inLanguage":"fr-FR","potentialAction":[{"@type":"ReadAction","target":["https:\/\/www.yomie.be\/privacy-verklaring\/"]}]},{"@type":"BreadcrumbList","@id":"https:\/\/www.yomie.be\/privacy-verklaring\/#breadcrumb","itemListElement":[{"@type":"ListItem","position":1,"name":"Home","item":"https:\/\/www.yomie.be\/"},{"@type":"ListItem","position":2,"name":"Privacy verklaring"}]},{"@type":"WebSite","@id":"https:\/\/www.yomie.be\/#website","url":"https:\/\/www.yomie.be\/","name":"yomie","description":"Uw one stop shop voor muziek en digital signage","publisher":{"@id":"https:\/\/www.yomie.be\/#organization"},"alternateName":"yomie muziek en digital signage","potentialAction":[{"@type":"SearchAction","target":{"@type":"EntryPoint","urlTemplate":"https:\/\/www.yomie.be\/?s={search_term_string}"},"query-input":{"@type":"PropertyValueSpecification","valueRequired":true,"valueName":"search_term_string"}}],"inLanguage":"fr-FR"},{"@type":"Organization","@id":"https:\/\/www.yomie.be\/#organization","name":"Yomie Muziek & Digital Signage","alternateName":"Yomie","url":"https:\/\/www.yomie.be\/","logo":{"@type":"ImageObject","inLanguage":"fr-FR","@id":"https:\/\/www.yomie.be\/#\/schema\/logo\/image\/","url":"https:\/\/www.yomie.be\/wp-content\/uploads\/2022\/05\/Yomie-logo-zwarte-tekst.png","contentUrl":"https:\/\/www.yomie.be\/wp-content\/uploads\/2022\/05\/Yomie-logo-zwarte-tekst.png","width":7835,"height":2760,"caption":"Yomie Muziek & Digital Signage"},"image":{"@id":"https:\/\/www.yomie.be\/#\/schema\/logo\/image\/"},"sameAs":["https:\/\/www.facebook.com\/profile.php?id=100057484186568","https:\/\/www.instagram.com\/yomie.be\/"],"email":"info@yomie.be","legalName":"Signage & Music Services BV","foundingDate":"2019-03-15","vatID":"BE0765.904.773","publishingPrinciples":"https:\/\/www.yomie.be\/lees-meer-digital-signage\/"}]}},"_links":{"self":[{"href":"https:\/\/www.yomie.be\/fr\/wp-json\/wp\/v2\/pages\/1159","targetHints":{"allow":["GET"]}}],"collection":[{"href":"https:\/\/www.yomie.be\/fr\/wp-json\/wp\/v2\/pages"}],"about":[{"href":"https:\/\/www.yomie.be\/fr\/wp-json\/wp\/v2\/types\/page"}],"author":[{"embeddable":true,"href":"https:\/\/www.yomie.be\/fr\/wp-json\/wp\/v2\/users\/1"}],"replies":[{"embeddable":true,"href":"https:\/\/www.yomie.be\/fr\/wp-json\/wp\/v2\/comments?post=1159"}],"version-history":[{"count":0,"href":"https:\/\/www.yomie.be\/fr\/wp-json\/wp\/v2\/pages\/1159\/revisions"}],"wp:attachment":[{"href":"https:\/\/www.yomie.be\/fr\/wp-json\/wp\/v2\/media?parent=1159"}],"curies":[{"name":"wp","href":"https:\/\/api.w.org\/{rel}","templated":true}]}}