{"id":1159,"date":"2024-06-26T11:43:23","date_gmt":"2024-06-26T11:43:23","guid":{"rendered":"https:\/\/www.yomie.be\/?page_id=1159"},"modified":"2025-05-21T08:09:47","modified_gmt":"2025-05-21T08:09:47","slug":"datenschutzerklarung","status":"publish","type":"page","link":"https:\/\/www.yomie.be\/de\/privacy-verklaring\/","title":{"rendered":"Erkl\u00e4rung zum Datenschutz"},"content":{"rendered":"<div data-elementor-type=\"wp-page\" data-elementor-id=\"1159\" class=\"elementor elementor-1159\" data-elementor-post-type=\"page\">\n\t\t\t\t\t\t<section class=\"elementor-section elementor-top-section elementor-element elementor-element-070e5c9 elementor-section-boxed elementor-section-height-default elementor-section-height-default\" data-id=\"070e5c9\" data-element_type=\"section\" data-e-type=\"section\">\n\t\t\t\t\t\t<div class=\"elementor-container elementor-column-gap-default\">\n\t\t\t\t\t<div class=\"elementor-column elementor-col-100 elementor-top-column elementor-element elementor-element-bc6717c\" data-id=\"bc6717c\" data-element_type=\"column\" data-e-type=\"column\">\n\t\t\t<div class=\"elementor-widget-wrap elementor-element-populated\">\n\t\t\t\t\t\t<div class=\"elementor-element elementor-element-a97ca85 elementor-widget elementor-widget-text-editor\" data-id=\"a97ca85\" data-element_type=\"widget\" data-e-type=\"widget\" data-widget_type=\"text-editor.default\">\n\t\t\t\t<div class=\"elementor-widget-container\">\n\t\t\t\t\t\t\t\t\t<h4 class=\"translation-block\">DATENSCHUTZERKL\u00c4RUNG<strong><\/h4><div><strong>\u00a0<\/strong><\/div><p><span style=\"font-size: 15px;\">Wenn sich diese Datenschutzerkl\u00e4rung auf Yomie bezieht, bezieht sie sich auf <strong>ignage &amp; Musicservices BV mit Sitz in 3500 Hasselt, Bedrijfsstraat 2 bus 5 und mit der Unternehmensnummer 0765.904.773 RPR Hasselt,<\/strong> sowie auf jedes mit Signage &amp; Musicservices BV gem\u00e4\u00df Artikel 11 des Unternehmensgesetzbuchs verbundene Unternehmen.<\/span><\/p><p>Wenn Sie die Dienste von Yomie nutzen, vertrauen Sie ihm\/ihr Ihre Daten an. Diese Datenschutzerkl\u00e4rung soll Ihnen Klarheit dar\u00fcber verschaffen, welche Daten Yomie sammelt, warum Yomie sie sammelt und was Yomie damit macht. Yomie weist Sie au\u00dferdem darauf hin, dass Yomie Ihnen jederzeit zur Verf\u00fcgung steht, wenn Sie \u00c4nderungen an den Yomie zur Verf\u00fcgung gestellten Daten vornehmen m\u00f6chten.<\/p><p>Diese Datenschutzerkl\u00e4rung legt Folgendes fest:<\/p><ul><li>welche Daten Yomie sammel<\/li><li>wie Yomie diese Daten verwendet<\/li><li>wie Sie Ihre Daten berichtigen lassen k\u00f6nnen<\/li><li>wann diese Datenschutzerkl\u00e4rung gilt<\/li><li>wie die Einhaltung dieser Datenschutzerkl\u00e4rung \u00fcberwacht wird und wie mit Beschwerden bez\u00fcglich dieser Datenschutzerkl\u00e4rung umgegangen wird<\/li><li>wie \u00c4nderungen dieser Datenschutzerkl\u00e4rung mitgeteilt werden<\/li><\/ul><p><strong><em>1. Welche Daten erhebt Yomie?<\/em><\/strong><br \/>Ihre Daten werden in erster Linie erhoben, um grundlegende Informationen (wie Ihren Namen, Ihre Adresse, Ihre Sprache) sowie pers\u00f6nlichere Informationen (wie Ihre Position, Ihr Geschlecht usw.) zu ermitteln, die Yomie ben\u00f6tigt, um die Dienste bereitzustellen, f\u00fcr die Sie sich auf ihn\/sie verlassen.<\/p><p>F\u00fcr fast alle Dienste von Yomie m\u00fcssen Sie Yomie vorab Ihre wichtigsten Identifikationsdaten mitteilen. Dies geschieht durch die Erstellung eines Accounts auf der Website des Auftragsschreibens. Diese Daten werden in den Datenbanken von Yomie gespeichert.<\/p><p>Yomie erhebt jedoch keine personenbezogenen Daten zu sensiblen Kategorien, wie etwa Kategorien basierend auf Rasse, Religion, sexueller Orientierung oder Gesundheit.<\/p><p><strong><em>2. Wie verwendet Yomie diese Daten?<\/em><\/strong><br \/><span style=\"font-size: 15px;\">Yomie legt gro\u00dfen Wert auf die Wahrung Ihrer Privatsph\u00e4re.<\/span><\/p><p>Die von ihm\/ihr gem\u00e4\u00df dem Vorstehenden erhobenen Informationen werden gem\u00e4\u00df den Bestimmungen der Datenschutz-Grundverordnung bzw. der Verordnung 2016\/679 des Europ\u00e4ischen Parlaments und des Rates vom 27. April 2016 zum Schutz nat\u00fcrlicher Personen bei der Verarbeitung personenbezogener Daten und zum freien Datenverkehr behandelt.<\/p><p>Yomie verwendet diese Informationen, um die Dienste bereitzustellen, f\u00fcr die Sie sein\/ihr Eingreifen angefordert haben.<\/p><p>Yomie wird Sie um Ihre Zustimmung bitten, bevor die Daten f\u00fcr andere als die in dieser Datenschutzerkl\u00e4rung beschriebenen Zwecke verwendet werden. Mit Ihrer Einwilligung k\u00f6nnen Ihre Daten, beispielsweise Ihre E-Mail-Adresse, dazu verwendet werden, Sie \u00fcber f\u00fcr Sie relevante Themen zu informieren. Dar\u00fcber hinaus kann Yomie Ihre E-Mail-Adresse verwenden, um Sie \u00fcber seine Dienste zu informieren, beispielsweise um Sie \u00fcber bevorstehende \u00c4nderungen oder Verbesserungen seiner Dienste zu informieren.<\/p><p>Yomie verarbeitet Ihre personenbezogenen Daten auf seinen Servern. Yomie kann Ihre personenbezogenen Daten auf einem Server au\u00dferhalb des Landes verarbeiten, in dem Sie leben.<\/p><p>Yomie gibt keine personenbezogenen Daten an Unternehmen, Organisationen und Einzelpersonen au\u00dferhalb von Yomie weiter, au\u00dfer in einem der folgenden F\u00e4lle:<\/p><p><strong>\u00b7 Mit Ihrer Zustimmung<\/strong><\/p><p>Yomie kann pers\u00f6nliche Informationen an Unternehmen, Organisationen oder Einzelpersonen au\u00dferhalb von Yomie weitergeben, wenn Sie ihm\/ihr die Erlaubnis dazu erteilt haben.<\/p><p><strong>\u00b7 Mit Dom\u00e4nenadministratoren<\/strong><\/p><p>Wenn eines der Programme von Yomie von einem Dom\u00e4nenadministrator verwaltet wird, hat dieser Dom\u00e4nenadministrator Zugriff auf Ihre pers\u00f6nlichen Daten (einschlie\u00dflich Ihrer E-Mail-Adresse und anderer Informationen). Dieser Dom\u00e4nenadministrator kann m\u00f6glicherweise Folgendes tun:<\/p><p>auf Ihre im Rahmen Ihres Profils gespeicherten Daten zugreifen oder diese speichern.<br \/>Ihre Daten zu erhalten, um geltenden Gesetzen, Vorschriften, Rechtsverfahren oder Aufforderungen nachzukommen,<br \/>die M\u00f6glichkeit zur L\u00f6schung oder \u00c4nderung von Daten<br \/>aus rechtlichen Gr\u00fcnden einzuschr\u00e4nken<\/p><p>Yomie gibt personenbezogene Daten an Unternehmen, Organisationen oder Einzelpersonen au\u00dferhalb von Yomie weiter, wenn das Unternehmen in gutem Glauben davon ausgeht, dass der Zugriff auf die Daten sowie deren Verwendung, Aufbewahrung oder Offenlegung aus vern\u00fcnftigen Gr\u00fcnden erforderlich ist, um:<\/p><p>um geltende Gesetze, Vorschriften, Rechtsverfahren oder Vollstreckungsersuchen einzuhalten oder<br \/>die geltenden Gesch\u00e4ftsbedingungen durchzusetzen, einschlie\u00dflich der Untersuchung potenziellen<br \/>Betrugs und der Erkennung, Verhinderung oder anderweitigen Behandlung technischer oder sicherheitsrelevanter Probleme;<br \/>zum Schutz der Rechte, des Eigentums oder der Sicherheit von Yomie, seiner Kunden oder der \u00d6ffentlichkeit, wie es gem\u00e4\u00df der Richtlinie erforderlich oder zul\u00e4ssig ist.<br \/>Wenn Yomie an einer Fusion, \u00dcbernahme oder einem Verkauf von Verm\u00f6genswerten beteiligt ist, wird das Unternehmen weiterhin die Vertraulichkeit personenbezogener Daten gew\u00e4hrleisten und seine Kunden benachrichtigen, bevor personenbezogene Daten \u00fcbertragen werden oder einer anderen Datenschutzrichtlinie unterliegen.<\/p><p>Yomie unternimmt alle Anstrengungen, um sich und seine Kunden vor unbefugtem Zugriff auf die in seinem Besitz befindlichen Daten oder vor unbefugter \u00c4nderung, Offenlegung oder Zerst\u00f6rung zu sch\u00fctzen. Insbesondere gilt Folgendes:<\/p><p>Yomie \u00fcberpr\u00fcft regelm\u00e4\u00dfig und systematisch seine Verfahren zur Datenerfassung, -speicherung und -verarbeitung, einschlie\u00dflich physischer Sicherheitsma\u00dfnahmen, um einen unbefugten Zugriff zu verhindern.<br \/>Yomie beschr\u00e4nkt den Zugriff auf personenbezogene Daten auf Mitarbeiter, Auftragnehmer und Vertreter von Yomie, die diese Daten kennen m\u00fcssen, um sie f\u00fcr Yomie zu verarbeiten. Diese Personen unterliegen strengen vertraglichen Geheimhaltungsverpflichtungen und k\u00f6nnen disziplinarisch belangt oder entlassen werden, wenn sie diesen Verpflichtungen nicht nachkommen.<\/p><p><strong><em>3. Wie k\u00f6nnen Sie Ihre Daten \u00e4ndern lassen?<\/em><\/strong><br \/>Menschen sorgen sich auf unterschiedliche Weise um ihre Privatsph\u00e4re. Das Ziel von Yomie besteht darin, Transparenz \u00fcber die erfassten Daten zu schaffen, damit Sie fundierte Entscheidungen \u00fcber die Verwendung Ihrer Daten treffen k\u00f6nnen. Sie k\u00f6nnen Yomie unter info@yomie.be und\/oder per Einschreiben an 3500 Hasselt \u2013 Bedrijfsstraat 2 \/ 5 kontaktieren.<\/p><ul><li>einen Antrag auf \u00c4nderung, Abruf oder L\u00f6schung Ihrer Daten zu stellen;<\/li><li>Ihre Einwilligung zur Nutzung Ihrer personenbezogenen Daten f\u00fcr Werbezwecke, personalisierte Werbung oder sonstige (Re-)Marketingzwecke zu erteilen oder zu widerrufen;<\/li><li>einen Datenschutzversto\u00df melden<p>Wenn Sie wie oben angegeben angeben, dass Sie Ihre personenbezogenen Daten \u00e4ndern, anfordern oder l\u00f6schen m\u00f6chten, wird Yomie versuchen, diese Daten umgehend zu aktualisieren, verf\u00fcgbar zu machen oder zu l\u00f6schen, es sei denn, Yomie muss diese Daten f\u00fcr legitime gesch\u00e4ftliche oder rechtliche Zwecke aufbewahren. Wenn Sie Ihre pers\u00f6nlichen Daten aktualisieren, fordert Yomie Sie m\u00f6glicherweise auf, Ihre Identit\u00e4t zu best\u00e4tigen, bevor Ihre Anfrage bearbeitet wird.<\/p><\/li><\/ul><p>Yomie kann Anfragen ablehnen, die sich unangemessen oft wiederholen, einen unverh\u00e4ltnism\u00e4\u00dfigen technischen Aufwand erfordern (beispielsweise die Entwicklung eines neuen Systems oder die grundlegende \u00c4nderung einer bestehenden Vorgehensweise), die Privatsph\u00e4re anderer gef\u00e4hrden oder \u00e4u\u00dferst unpraktisch w\u00e4ren (beispielsweise Anfragen zu Informationen, die auf Sicherungssystemen gespeichert sind).<\/p><p>Yomie ist bestrebt, seine Datenbanken so zu pflegen, dass die Daten vor versehentlicher oder b\u00f6swilliger Zerst\u00f6rung oder Offenlegung gesch\u00fctzt sind. Daher kann es sein, dass Yomie nach der L\u00f6schung Ihrer Daten aus seinen Datenbanken verbleibende Kopien nicht sofort von seinen aktiven Servern l\u00f6scht und keine Daten aus seinen Sicherungssystemen entfernt.<\/p><p><strong><em>4. Wann gilt diese Datenschutzerkl\u00e4rung?<\/em><\/strong><br \/>Diese Datenschutzerkl\u00e4rung gilt f\u00fcr alle von Yomie angebotenen Dienste.<\/p><p><strong><em>5. Wie wird die Einhaltung dieser Datenschutzerkl\u00e4rung \u00fcberwacht und wie werden Beschwerden bez\u00fcglich dieser Datenschutzerkl\u00e4rung behandelt?<\/em><\/strong><br \/>Yomie \u00fcberpr\u00fcft regelm\u00e4\u00dfig, ob er\/sie seine\/ihre eigene Datenschutzerkl\u00e4rung einh\u00e4lt. Wenn Yomie formelle schriftliche Beschwerden erh\u00e4lt, wird er\/sie sich mit der Person in Verbindung setzen, die die Beschwerde eingereicht hat, um die n\u00e4chsten Schritte zu besprechen.<\/p><p><strong><em>6. Wie werden \u00c4nderungen dieser Datenschutzerkl\u00e4rung mitgeteilt?<\/em><\/strong><br \/>Diese Datenschutzerkl\u00e4rung kann von Zeit zu Zeit ge\u00e4ndert werden. Yomie wird alle \u00c4nderungen an der Datenschutzerkl\u00e4rung auf dieser Seite ver\u00f6ffentlichen.<\/p>\t\t\t\t\t\t\t\t<\/div>\n\t\t\t\t<\/div>\n\t\t\t\t\t<\/div>\n\t\t<\/div>\n\t\t\t\t\t<\/div>\n\t\t<\/section>\n\t\t\t\t<\/div>","protected":false},"excerpt":{"rendered":"<p>PRIVACY VERKLARING \u00a0 Wanneer in deze privacyverklaring verwezen wordt naar Yomie, wordt verwezen naar Signage &amp; Musicservices BV, met maatschappelijke [&hellip;]<\/p>\n","protected":false},"author":1,"featured_media":0,"parent":0,"menu_order":0,"comment_status":"closed","ping_status":"closed","template":"elementor_header_footer","meta":{"inline_featured_image":false,"site-sidebar-layout":"no-sidebar","site-content-layout":"","ast-site-content-layout":"full-width-container","site-content-style":"default","site-sidebar-style":"default","ast-global-header-display":"","ast-banner-title-visibility":"","ast-main-header-display":"","ast-hfb-above-header-display":"","ast-hfb-below-header-display":"","ast-hfb-mobile-header-display":"","site-post-title":"disabled","ast-breadcrumbs-content":"","ast-featured-img":"disabled","footer-sml-layout":"","ast-disable-related-posts":"","theme-transparent-header-meta":"","adv-header-id-meta":"","stick-header-meta":"","header-above-stick-meta":"","header-main-stick-meta":"","header-below-stick-meta":"","astra-migrate-meta-layouts":"default","ast-page-background-enabled":"default","ast-page-background-meta":{"desktop":{"background-color":"var(--ast-global-color-4)","background-image":"","background-repeat":"repeat","background-position":"center center","background-size":"auto","background-attachment":"scroll","background-type":"","background-media":"","overlay-type":"","overlay-color":"","overlay-opacity":"","overlay-gradient":""},"tablet":{"background-color":"","background-image":"","background-repeat":"repeat","background-position":"center center","background-size":"auto","background-attachment":"scroll","background-type":"","background-media":"","overlay-type":"","overlay-color":"","overlay-opacity":"","overlay-gradient":""},"mobile":{"background-color":"","background-image":"","background-repeat":"repeat","background-position":"center center","background-size":"auto","background-attachment":"scroll","background-type":"","background-media":"","overlay-type":"","overlay-color":"","overlay-opacity":"","overlay-gradient":""}},"ast-content-background-meta":{"desktop":{"background-color":"var(--ast-global-color-5)","background-image":"","background-repeat":"repeat","background-position":"center center","background-size":"auto","background-attachment":"scroll","background-type":"","background-media":"","overlay-type":"","overlay-color":"","overlay-opacity":"","overlay-gradient":""},"tablet":{"background-color":"var(--ast-global-color-5)","background-image":"","background-repeat":"repeat","background-position":"center center","background-size":"auto","background-attachment":"scroll","background-type":"","background-media":"","overlay-type":"","overlay-color":"","overlay-opacity":"","overlay-gradient":""},"mobile":{"background-color":"var(--ast-global-color-5)","background-image":"","background-repeat":"repeat","background-position":"center center","background-size":"auto","background-attachment":"scroll","background-type":"","background-media":"","overlay-type":"","overlay-color":"","overlay-opacity":"","overlay-gradient":""}},"footnotes":""},"class_list":["post-1159","page","type-page","status-publish","hentry"],"yoast_head":"<!-- This site is optimized with the Yoast SEO Premium plugin v27.2 (Yoast SEO v27.4) - https:\/\/yoast.com\/product\/yoast-seo-premium-wordpress\/ -->\n<title>Privacy verklaring | yomie<\/title>\n<meta name=\"robots\" content=\"index, follow, max-snippet:-1, max-image-preview:large, max-video-preview:-1\" \/>\n<link rel=\"canonical\" href=\"https:\/\/www.yomie.be\/de\/datenschutzerklarung\/\" \/>\n<meta property=\"og:locale\" content=\"de_DE\" \/>\n<meta property=\"og:type\" content=\"article\" \/>\n<meta property=\"og:title\" content=\"Privacy verklaring\" \/>\n<meta property=\"og:description\" content=\"PRIVACY VERKLARING \u00a0 Wanneer in deze privacyverklaring verwezen wordt naar Yomie, wordt verwezen naar Signage &amp; Musicservices BV, met maatschappelijke [&hellip;]\" \/>\n<meta property=\"og:url\" content=\"https:\/\/www.yomie.be\/de\/datenschutzerklarung\/\" \/>\n<meta property=\"og:site_name\" content=\"yomie\" \/>\n<meta property=\"article:publisher\" content=\"https:\/\/www.facebook.com\/profile.php?id=100057484186568\" \/>\n<meta property=\"article:modified_time\" content=\"2025-05-21T08:09:47+00:00\" \/>\n<meta property=\"og:image\" content=\"https:\/\/www.yomie.be\/wp-content\/uploads\/2026\/03\/Yomie-logo-zwarte-tekst.jpg\" \/>\n\t<meta property=\"og:image:width\" content=\"1200\" \/>\n\t<meta property=\"og:image:height\" content=\"423\" \/>\n\t<meta property=\"og:image:type\" content=\"image\/jpeg\" \/>\n<meta name=\"twitter:card\" content=\"summary_large_image\" \/>\n<meta name=\"twitter:label1\" content=\"Gesch\u00e4tzte Lesezeit\" \/>\n\t<meta name=\"twitter:data1\" content=\"6\u00a0Minuten\" \/>\n<script type=\"application\/ld+json\" class=\"yoast-schema-graph\">{\"@context\":\"https:\\\/\\\/schema.org\",\"@graph\":[{\"@type\":\"WebPage\",\"@id\":\"https:\\\/\\\/www.yomie.be\\\/privacy-verklaring\\\/\",\"url\":\"https:\\\/\\\/www.yomie.be\\\/privacy-verklaring\\\/\",\"name\":\"Privacy verklaring | yomie\",\"isPartOf\":{\"@id\":\"https:\\\/\\\/www.yomie.be\\\/#website\"},\"datePublished\":\"2024-06-26T11:43:23+00:00\",\"dateModified\":\"2025-05-21T08:09:47+00:00\",\"breadcrumb\":{\"@id\":\"https:\\\/\\\/www.yomie.be\\\/privacy-verklaring\\\/#breadcrumb\"},\"inLanguage\":\"de\",\"potentialAction\":[{\"@type\":\"ReadAction\",\"target\":[\"https:\\\/\\\/www.yomie.be\\\/privacy-verklaring\\\/\"]}]},{\"@type\":\"BreadcrumbList\",\"@id\":\"https:\\\/\\\/www.yomie.be\\\/privacy-verklaring\\\/#breadcrumb\",\"itemListElement\":[{\"@type\":\"ListItem\",\"position\":1,\"name\":\"Home\",\"item\":\"https:\\\/\\\/www.yomie.be\\\/\"},{\"@type\":\"ListItem\",\"position\":2,\"name\":\"Privacy verklaring\"}]},{\"@type\":\"WebSite\",\"@id\":\"https:\\\/\\\/www.yomie.be\\\/#website\",\"url\":\"https:\\\/\\\/www.yomie.be\\\/\",\"name\":\"yomie\",\"description\":\"Uw one stop shop voor muziek en digital signage\",\"publisher\":{\"@id\":\"https:\\\/\\\/www.yomie.be\\\/#organization\"},\"alternateName\":\"yomie muziek en digital signage\",\"potentialAction\":[{\"@type\":\"SearchAction\",\"target\":{\"@type\":\"EntryPoint\",\"urlTemplate\":\"https:\\\/\\\/www.yomie.be\\\/?s={search_term_string}\"},\"query-input\":{\"@type\":\"PropertyValueSpecification\",\"valueRequired\":true,\"valueName\":\"search_term_string\"}}],\"inLanguage\":\"de\"},{\"@type\":\"Organization\",\"@id\":\"https:\\\/\\\/www.yomie.be\\\/#organization\",\"name\":\"Yomie Muziek & Digital Signage\",\"alternateName\":\"Yomie\",\"url\":\"https:\\\/\\\/www.yomie.be\\\/\",\"logo\":{\"@type\":\"ImageObject\",\"inLanguage\":\"de\",\"@id\":\"https:\\\/\\\/www.yomie.be\\\/#\\\/schema\\\/logo\\\/image\\\/\",\"url\":\"https:\\\/\\\/www.yomie.be\\\/wp-content\\\/uploads\\\/2022\\\/05\\\/Yomie-logo-zwarte-tekst.png\",\"contentUrl\":\"https:\\\/\\\/www.yomie.be\\\/wp-content\\\/uploads\\\/2022\\\/05\\\/Yomie-logo-zwarte-tekst.png\",\"width\":7835,\"height\":2760,\"caption\":\"Yomie Muziek & Digital Signage\"},\"image\":{\"@id\":\"https:\\\/\\\/www.yomie.be\\\/#\\\/schema\\\/logo\\\/image\\\/\"},\"sameAs\":[\"https:\\\/\\\/www.facebook.com\\\/profile.php?id=100057484186568\",\"https:\\\/\\\/www.instagram.com\\\/yomie.be\\\/\"],\"email\":\"info@yomie.be\",\"legalName\":\"Signage & Music Services BV\",\"foundingDate\":\"2019-03-15\",\"vatID\":\"BE0765.904.773\",\"publishingPrinciples\":\"https:\\\/\\\/www.yomie.be\\\/lees-meer-digital-signage\\\/\"}]}<\/script>\n<!-- \/ Yoast SEO Premium plugin. -->","yoast_head_json":{"title":"Privacy verklaring | yomie","robots":{"index":"index","follow":"follow","max-snippet":"max-snippet:-1","max-image-preview":"max-image-preview:large","max-video-preview":"max-video-preview:-1"},"canonical":"https:\/\/www.yomie.be\/de\/datenschutzerklarung\/","og_locale":"de_DE","og_type":"article","og_title":"Privacy verklaring","og_description":"PRIVACY VERKLARING \u00a0 Wanneer in deze privacyverklaring verwezen wordt naar Yomie, wordt verwezen naar Signage &amp; Musicservices BV, met maatschappelijke [&hellip;]","og_url":"https:\/\/www.yomie.be\/de\/datenschutzerklarung\/","og_site_name":"yomie","article_publisher":"https:\/\/www.facebook.com\/profile.php?id=100057484186568","article_modified_time":"2025-05-21T08:09:47+00:00","og_image":[{"width":1200,"height":423,"url":"https:\/\/www.yomie.be\/wp-content\/uploads\/2026\/03\/Yomie-logo-zwarte-tekst.jpg","type":"image\/jpeg"}],"twitter_card":"summary_large_image","twitter_misc":{"Gesch\u00e4tzte Lesezeit":"6\u00a0Minuten"},"schema":{"@context":"https:\/\/schema.org","@graph":[{"@type":"WebPage","@id":"https:\/\/www.yomie.be\/privacy-verklaring\/","url":"https:\/\/www.yomie.be\/privacy-verklaring\/","name":"Privacy verklaring | yomie","isPartOf":{"@id":"https:\/\/www.yomie.be\/#website"},"datePublished":"2024-06-26T11:43:23+00:00","dateModified":"2025-05-21T08:09:47+00:00","breadcrumb":{"@id":"https:\/\/www.yomie.be\/privacy-verklaring\/#breadcrumb"},"inLanguage":"de","potentialAction":[{"@type":"ReadAction","target":["https:\/\/www.yomie.be\/privacy-verklaring\/"]}]},{"@type":"BreadcrumbList","@id":"https:\/\/www.yomie.be\/privacy-verklaring\/#breadcrumb","itemListElement":[{"@type":"ListItem","position":1,"name":"Home","item":"https:\/\/www.yomie.be\/"},{"@type":"ListItem","position":2,"name":"Privacy verklaring"}]},{"@type":"WebSite","@id":"https:\/\/www.yomie.be\/#website","url":"https:\/\/www.yomie.be\/","name":"yomie","description":"Uw one stop shop voor muziek en digital signage","publisher":{"@id":"https:\/\/www.yomie.be\/#organization"},"alternateName":"yomie muziek en digital signage","potentialAction":[{"@type":"SearchAction","target":{"@type":"EntryPoint","urlTemplate":"https:\/\/www.yomie.be\/?s={search_term_string}"},"query-input":{"@type":"PropertyValueSpecification","valueRequired":true,"valueName":"search_term_string"}}],"inLanguage":"de"},{"@type":"Organization","@id":"https:\/\/www.yomie.be\/#organization","name":"Yomie Muziek & Digital Signage","alternateName":"Yomie","url":"https:\/\/www.yomie.be\/","logo":{"@type":"ImageObject","inLanguage":"de","@id":"https:\/\/www.yomie.be\/#\/schema\/logo\/image\/","url":"https:\/\/www.yomie.be\/wp-content\/uploads\/2022\/05\/Yomie-logo-zwarte-tekst.png","contentUrl":"https:\/\/www.yomie.be\/wp-content\/uploads\/2022\/05\/Yomie-logo-zwarte-tekst.png","width":7835,"height":2760,"caption":"Yomie Muziek & Digital Signage"},"image":{"@id":"https:\/\/www.yomie.be\/#\/schema\/logo\/image\/"},"sameAs":["https:\/\/www.facebook.com\/profile.php?id=100057484186568","https:\/\/www.instagram.com\/yomie.be\/"],"email":"info@yomie.be","legalName":"Signage & Music Services BV","foundingDate":"2019-03-15","vatID":"BE0765.904.773","publishingPrinciples":"https:\/\/www.yomie.be\/lees-meer-digital-signage\/"}]}},"_links":{"self":[{"href":"https:\/\/www.yomie.be\/de\/wp-json\/wp\/v2\/pages\/1159","targetHints":{"allow":["GET"]}}],"collection":[{"href":"https:\/\/www.yomie.be\/de\/wp-json\/wp\/v2\/pages"}],"about":[{"href":"https:\/\/www.yomie.be\/de\/wp-json\/wp\/v2\/types\/page"}],"author":[{"embeddable":true,"href":"https:\/\/www.yomie.be\/de\/wp-json\/wp\/v2\/users\/1"}],"replies":[{"embeddable":true,"href":"https:\/\/www.yomie.be\/de\/wp-json\/wp\/v2\/comments?post=1159"}],"version-history":[{"count":0,"href":"https:\/\/www.yomie.be\/de\/wp-json\/wp\/v2\/pages\/1159\/revisions"}],"wp:attachment":[{"href":"https:\/\/www.yomie.be\/de\/wp-json\/wp\/v2\/media?parent=1159"}],"curies":[{"name":"wp","href":"https:\/\/api.w.org\/{rel}","templated":true}]}}