{"id":1887,"date":"2025-06-12T09:58:52","date_gmt":"2025-06-12T09:58:52","guid":{"rendered":"https:\/\/www.yomie.be\/?page_id=1887"},"modified":"2026-03-20T11:38:54","modified_gmt":"2026-03-20T11:38:54","slug":"eigenradio","status":"publish","type":"page","link":"http:\/\/www.yomie.be\/de\/eigenradio\/","title":{"rendered":"yomie Eigenradio"},"content":{"rendered":"<div data-elementor-type=\"wp-page\" data-elementor-id=\"1887\" class=\"elementor elementor-1887\" data-elementor-post-type=\"page\">\n\t\t\t\t\t\t<section class=\"elementor-section elementor-top-section elementor-element elementor-element-293b8d5e elementor-section-full_width elementor-section-height-min-height elementor-section-content-middle elementor-section-height-default elementor-section-items-middle\" data-id=\"293b8d5e\" data-element_type=\"section\" data-e-type=\"section\" data-settings=\"{&quot;background_background&quot;:&quot;classic&quot;}\">\n\t\t\t\t\t\t\t<div class=\"elementor-background-overlay\"><\/div>\n\t\t\t\t\t\t\t<div class=\"elementor-container elementor-column-gap-no\">\n\t\t\t\t\t<div class=\"elementor-column elementor-col-100 elementor-top-column elementor-element elementor-element-5af504c6\" data-id=\"5af504c6\" data-element_type=\"column\" data-e-type=\"column\">\n\t\t\t<div class=\"elementor-widget-wrap elementor-element-populated\">\n\t\t\t\t\t\t<section class=\"elementor-section elementor-inner-section elementor-element elementor-element-4cb126d5 elementor-section-full_width elementor-section-height-default elementor-section-height-default\" data-id=\"4cb126d5\" data-element_type=\"section\" data-e-type=\"section\">\n\t\t\t\t\t\t<div class=\"elementor-container elementor-column-gap-default\">\n\t\t\t\t\t<div class=\"elementor-column elementor-col-50 elementor-inner-column elementor-element elementor-element-25d263a2\" data-id=\"25d263a2\" data-element_type=\"column\" data-e-type=\"column\">\n\t\t\t<div class=\"elementor-widget-wrap elementor-element-populated\">\n\t\t\t\t\t\t<div class=\"elementor-element elementor-element-a6caeee elementor-widget elementor-widget-image\" data-id=\"a6caeee\" data-element_type=\"widget\" data-e-type=\"widget\" data-widget_type=\"image.default\">\n\t\t\t\t<div class=\"elementor-widget-container\">\n\t\t\t\t\t\t\t\t\t\t\t\t\t\t\t\t<a href=\"http:\/\/www.eigenradio.be\">\n\t\t\t\t\t\t\t<img fetchpriority=\"high\" decoding=\"async\" width=\"300\" height=\"206\" src=\"https:\/\/www.yomie.be\/wp-content\/uploads\/2025\/06\/logo-eigenradio-300x206.png\" class=\"attachment-medium size-medium wp-image-1893\" alt=\"Yomie Musikcomputer und digitale Beschilderung f\u00fcr Gastronomie und Unternehmen\" srcset=\"https:\/\/www.yomie.be\/wp-content\/uploads\/2025\/06\/logo-eigenradio-300x206.png 300w, https:\/\/www.yomie.be\/wp-content\/uploads\/2025\/06\/logo-eigenradio-1024x702.png 1024w, https:\/\/www.yomie.be\/wp-content\/uploads\/2025\/06\/logo-eigenradio-768x527.png 768w, https:\/\/www.yomie.be\/wp-content\/uploads\/2025\/06\/logo-eigenradio-1536x1053.png 1536w, https:\/\/www.yomie.be\/wp-content\/uploads\/2025\/06\/logo-eigenradio-2048x1404.png 2048w, https:\/\/www.yomie.be\/wp-content\/uploads\/2025\/06\/logo-eigenradio-18x12.png 18w\" sizes=\"(max-width: 300px) 100vw, 300px\" \/>\t\t\t\t\t\t\t\t<\/a>\n\t\t\t\t\t\t\t\t\t\t\t\t\t\t\t<\/div>\n\t\t\t\t<\/div>\n\t\t\t\t\t<\/div>\n\t\t<\/div>\n\t\t\t\t<div class=\"elementor-column elementor-col-50 elementor-inner-column elementor-element elementor-element-287d514\" data-id=\"287d514\" data-element_type=\"column\" data-e-type=\"column\">\n\t\t\t<div class=\"elementor-widget-wrap elementor-element-populated\">\n\t\t\t\t\t\t<div class=\"elementor-element elementor-element-2d36abe elementor-widget elementor-widget-heading\" data-id=\"2d36abe\" data-element_type=\"widget\" data-e-type=\"widget\" data-widget_type=\"heading.default\">\n\t\t\t\t<div class=\"elementor-widget-container\">\n\t\t\t\t\t<h2 class=\"elementor-heading-title elementor-size-default\">Eigenradio.be<\/h2>\t\t\t\t<\/div>\n\t\t\t\t<\/div>\n\t\t\t\t<div class=\"elementor-element elementor-element-a9f03c2 elementor-widget elementor-widget-button\" data-id=\"a9f03c2\" data-element_type=\"widget\" data-e-type=\"widget\" data-widget_type=\"button.default\">\n\t\t\t\t<div class=\"elementor-widget-container\">\n\t\t\t\t\t\t\t\t\t<div class=\"elementor-button-wrapper\">\n\t\t\t\t\t<a class=\"elementor-button elementor-button-link elementor-size-sm\" href=\"https:\/\/eigenradio.be\" target=\"_blank\">\n\t\t\t\t\t\t<span class=\"elementor-button-content-wrapper\">\n\t\t\t\t\t\t\t\t\t<span class=\"elementor-button-text\">Naar website<\/span>\n\t\t\t\t\t<\/span>\n\t\t\t\t\t<\/a>\n\t\t\t\t<\/div>\n\t\t\t\t\t\t\t\t<\/div>\n\t\t\t\t<\/div>\n\t\t\t\t\t<\/div>\n\t\t<\/div>\n\t\t\t\t\t<\/div>\n\t\t<\/section>\n\t\t\t\t\t<\/div>\n\t\t<\/div>\n\t\t\t\t\t<\/div>\n\t\t<\/section>\n\t\t\t\t<section class=\"elementor-section elementor-top-section elementor-element elementor-element-264d1de3 elementor-section-boxed elementor-section-height-default elementor-section-height-default\" data-id=\"264d1de3\" data-element_type=\"section\" data-e-type=\"section\">\n\t\t\t\t\t\t<div class=\"elementor-container elementor-column-gap-default\">\n\t\t\t\t\t<div class=\"elementor-column elementor-col-100 elementor-top-column elementor-element elementor-element-3d8fa8ed\" data-id=\"3d8fa8ed\" data-element_type=\"column\" data-e-type=\"column\">\n\t\t\t<div class=\"elementor-widget-wrap elementor-element-populated\">\n\t\t\t\t\t\t<section class=\"elementor-section elementor-inner-section elementor-element elementor-element-67f620ac elementor-section-boxed elementor-section-height-default elementor-section-height-default\" data-id=\"67f620ac\" data-element_type=\"section\" data-e-type=\"section\">\n\t\t\t\t\t\t<div class=\"elementor-container elementor-column-gap-default\">\n\t\t\t\t\t<div class=\"elementor-column elementor-col-50 elementor-inner-column elementor-element elementor-element-5cfb51ec\" data-id=\"5cfb51ec\" data-element_type=\"column\" data-e-type=\"column\" data-settings=\"{&quot;background_background&quot;:&quot;classic&quot;}\">\n\t\t\t<div class=\"elementor-widget-wrap elementor-element-populated\">\n\t\t\t\t\t\t<div class=\"elementor-element elementor-element-26312659 elementor-widget elementor-widget-image\" data-id=\"26312659\" data-element_type=\"widget\" data-e-type=\"widget\" data-widget_type=\"image.default\">\n\t\t\t\t<div class=\"elementor-widget-container\">\n\t\t\t\t\t\t\t\t\t\t\t\t\t\t\t<img decoding=\"async\" width=\"985\" height=\"1024\" src=\"https:\/\/www.yomie.be\/wp-content\/uploads\/2024\/05\/logo-iceblue.svg\" class=\"attachment-large size-large wp-image-828\" alt=\"Yomie Musikcomputer und digitale Beschilderung f\u00fcr Gastronomie und Unternehmen\" \/>\t\t\t\t\t\t\t\t\t\t\t\t\t\t\t<\/div>\n\t\t\t\t<\/div>\n\t\t\t\t\t<\/div>\n\t\t<\/div>\n\t\t\t\t<div class=\"elementor-column elementor-col-50 elementor-inner-column elementor-element elementor-element-4f0e6a58\" data-id=\"4f0e6a58\" data-element_type=\"column\" data-e-type=\"column\">\n\t\t\t<div class=\"elementor-widget-wrap elementor-element-populated\">\n\t\t\t\t\t\t<div class=\"elementor-element elementor-element-a6db599 elementor-widget elementor-widget-heading\" data-id=\"a6db599\" data-element_type=\"widget\" data-e-type=\"widget\" data-widget_type=\"heading.default\">\n\t\t\t\t<div class=\"elementor-widget-container\">\n\t\t\t\t\t<h5 class=\"elementor-heading-title elementor-size-default\">Hou je klant binnen en je concurrent buiten \u2013 en dat voor minder dan 1 euro per dag<\/h5>\t\t\t\t<\/div>\n\t\t\t\t<\/div>\n\t\t\t\t<div class=\"elementor-element elementor-element-59d1f451 elementor-widget elementor-widget-text-editor\" data-id=\"59d1f451\" data-element_type=\"widget\" data-e-type=\"widget\" data-widget_type=\"text-editor.default\">\n\t\t\t\t<div class=\"elementor-widget-container\">\n\t\t\t\t\t\t\t\t\t<p>Bij Yomie weten we al meer dan 20 jaar hoe krachtig muziek kan zijn voor je merk en je<br \/>omzet. Niet alleen muziekcomputers helpen daaraan mee. Daarom ontwikkelden we <strong>Eigenradio.be<\/strong>: een professioneel, volledig legaal \u00e9n strategisch achtergrondmuziekkanaal, afgestemd op jouw merk-DNA.<br \/><strong>Sound branding die werkt<\/strong>. Met Eigenradio.be cre\u00eber je een herkenbare, emotioneel<br \/>geladen sound die klanten langer, vaker en bewuster voor jouw merk laat kiezen.<\/p><ul><li>Ideaal voor ketens, franchises en retailgroepen<\/li><li>Centrale controle: muziek, sfeer en boodschappen voor meerdere vestigingen<br \/>beheren via \u00e9\u00e9n dashboard<\/li><li>Optie tot gepersonaliseerde instore radiospots: versterk promoties met je eigen stem<br \/>en toon<\/li><\/ul>\t\t\t\t\t\t\t\t<\/div>\n\t\t\t\t<\/div>\n\t\t\t\t<div class=\"elementor-element elementor-element-27818da4 elementor-widget elementor-widget-heading\" data-id=\"27818da4\" data-element_type=\"widget\" data-e-type=\"widget\" data-widget_type=\"heading.default\">\n\t\t\t\t<div class=\"elementor-widget-container\">\n\t\t\t\t\t<h5 class=\"elementor-heading-title elementor-size-default\">Hou je klant binnen en je concurrent buiten.<\/h5>\t\t\t\t<\/div>\n\t\t\t\t<\/div>\n\t\t\t\t<div class=\"elementor-element elementor-element-18bda103 elementor-widget elementor-widget-text-editor\" data-id=\"18bda103\" data-element_type=\"widget\" data-e-type=\"widget\" data-widget_type=\"text-editor.default\">\n\t\t\t\t<div class=\"elementor-widget-container\">\n\t\t\t\t\t\t\t\t\t<p>In veel handelszaken speelt nog steeds<br \/>publieke radio met reclame van concurrenten. Zonde, toch? Voor minder dan 1 euro per dag<br \/>hou je je concurrent uit je zaak.<br \/>Met Eigenradio.be hou je de regie over sfeer, communicatie \u00e9n klantbeleving \u2013 geen<br \/>afleiding, w\u00e9l herkenning, vertrouwen en loyaliteit.<br \/><strong>Meer dan muziek \u2013 het is merkcommunicatie via geluid.<\/strong> <br \/>Onderzoek bewijst:<\/p>\t\t\t\t\t\t\t\t<\/div>\n\t\t\t\t<\/div>\n\t\t\t\t<div class=\"elementor-element elementor-element-113c43b8 elementor-widget elementor-widget-text-editor\" data-id=\"113c43b8\" data-element_type=\"widget\" data-e-type=\"widget\" data-widget_type=\"text-editor.default\">\n\t\t\t\t<div class=\"elementor-widget-container\">\n\t\t\t\t\t\t\t\t\t<ul><li>Klanten blijven langer, kopen meer, komen vaker terug<\/li><li>\u00a0Professionele soundbranding verhoogt merkvertrouwen met 77%<\/li><li>138% meer emotionele connectie via consistente audio<\/li><li>73% van de klanten luistert actief naar audio-reclame<\/li><li>Jij bepaalt wat je klant hoort \u2013 g\u00e9\u00e9n toeval, w\u00e9l strategie<\/li><\/ul><p>Met Eigenradio.be bouw je aan een onderscheidende, strategisch herhaalbare merkervaring.<\/p>\t\t\t\t\t\t\t\t<\/div>\n\t\t\t\t<\/div>\n\t\t\t\t<div class=\"elementor-element elementor-element-5bb1d0f5 elementor-widget elementor-widget-button\" data-id=\"5bb1d0f5\" data-element_type=\"widget\" data-e-type=\"widget\" data-widget_type=\"button.default\">\n\t\t\t\t<div class=\"elementor-widget-container\">\n\t\t\t\t\t\t\t\t\t<div class=\"elementor-button-wrapper\">\n\t\t\t\t\t<a class=\"elementor-button elementor-button-link elementor-size-sm\" href=\"https:\/\/www.yomie.be\/de\/kontaktieren-sie-uns\/\" target=\"_blank\">\n\t\t\t\t\t\t<span class=\"elementor-button-content-wrapper\">\n\t\t\t\t\t\t\t\t\t<span class=\"elementor-button-text\">Contacteer ons voor meer informatie<\/span>\n\t\t\t\t\t<\/span>\n\t\t\t\t\t<\/a>\n\t\t\t\t<\/div>\n\t\t\t\t\t\t\t\t<\/div>\n\t\t\t\t<\/div>\n\t\t\t\t\t<\/div>\n\t\t<\/div>\n\t\t\t\t\t<\/div>\n\t\t<\/section>\n\t\t\t\t\t<\/div>\n\t\t<\/div>\n\t\t\t\t\t<\/div>\n\t\t<\/section>\n\t\t\t\t<\/div>","protected":false},"excerpt":{"rendered":"<p>Eigenradio.be Naar website Hou je klant binnen en je concurrent buiten \u2013 en dat voor minder dan 1 euro per [&hellip;]<\/p>\n","protected":false},"author":1,"featured_media":0,"parent":0,"menu_order":0,"comment_status":"closed","ping_status":"closed","template":"","meta":{"inline_featured_image":false,"site-sidebar-layout":"no-sidebar","site-content-layout":"","ast-site-content-layout":"full-width-container","site-content-style":"default","site-sidebar-style":"default","ast-global-header-display":"","ast-banner-title-visibility":"","ast-main-header-display":"","ast-hfb-above-header-display":"","ast-hfb-below-header-display":"","ast-hfb-mobile-header-display":"","site-post-title":"disabled","ast-breadcrumbs-content":"","ast-featured-img":"disabled","footer-sml-layout":"","ast-disable-related-posts":"","theme-transparent-header-meta":"","adv-header-id-meta":"","stick-header-meta":"","header-above-stick-meta":"","header-main-stick-meta":"","header-below-stick-meta":"","astra-migrate-meta-layouts":"default","ast-page-background-enabled":"default","ast-page-background-meta":{"desktop":{"background-color":"var(--ast-global-color-4)","background-image":"","background-repeat":"repeat","background-position":"center center","background-size":"auto","background-attachment":"scroll","background-type":"","background-media":"","overlay-type":"","overlay-color":"","overlay-opacity":"","overlay-gradient":""},"tablet":{"background-color":"","background-image":"","background-repeat":"repeat","background-position":"center center","background-size":"auto","background-attachment":"scroll","background-type":"","background-media":"","overlay-type":"","overlay-color":"","overlay-opacity":"","overlay-gradient":""},"mobile":{"background-color":"","background-image":"","background-repeat":"repeat","background-position":"center center","background-size":"auto","background-attachment":"scroll","background-type":"","background-media":"","overlay-type":"","overlay-color":"","overlay-opacity":"","overlay-gradient":""}},"ast-content-background-meta":{"desktop":{"background-color":"var(--ast-global-color-5)","background-image":"","background-repeat":"repeat","background-position":"center center","background-size":"auto","background-attachment":"scroll","background-type":"","background-media":"","overlay-type":"","overlay-color":"","overlay-opacity":"","overlay-gradient":""},"tablet":{"background-color":"var(--ast-global-color-5)","background-image":"","background-repeat":"repeat","background-position":"center center","background-size":"auto","background-attachment":"scroll","background-type":"","background-media":"","overlay-type":"","overlay-color":"","overlay-opacity":"","overlay-gradient":""},"mobile":{"background-color":"var(--ast-global-color-5)","background-image":"","background-repeat":"repeat","background-position":"center center","background-size":"auto","background-attachment":"scroll","background-type":"","background-media":"","overlay-type":"","overlay-color":"","overlay-opacity":"","overlay-gradient":""}},"footnotes":""},"class_list":["post-1887","page","type-page","status-publish","hentry"],"yoast_head":"<!-- This site is optimized with the Yoast SEO Premium plugin v27.2 (Yoast SEO v27.5) - https:\/\/yoast.com\/product\/yoast-seo-premium-wordpress\/ -->\n<title>Muziekcomputers en digital signage voor B2B toepassingen | yomie<\/title>\n<meta name=\"description\" content=\"Verhoog je omzet met muziekcomputers en digital signage voor B2B. Cre\u00eber een uniek geluid dat klanten aantrekt.\" \/>\n<meta name=\"robots\" content=\"index, follow, max-snippet:-1, max-image-preview:large, max-video-preview:-1\" \/>\n<link rel=\"canonical\" href=\"http:\/\/www.yomie.be\/de\/eigenradio\/\" \/>\n<meta property=\"og:locale\" content=\"de_DE\" \/>\n<meta property=\"og:type\" content=\"article\" \/>\n<meta property=\"og:title\" content=\"yomie Eigenradio\" \/>\n<meta property=\"og:description\" content=\"Verhoog je omzet met muziekcomputers en digital signage voor B2B. Cre\u00eber een uniek geluid dat klanten aantrekt.\" \/>\n<meta property=\"og:url\" content=\"http:\/\/www.yomie.be\/de\/eigenradio\/\" \/>\n<meta property=\"og:site_name\" content=\"yomie\" \/>\n<meta property=\"article:publisher\" content=\"https:\/\/www.facebook.com\/profile.php?id=100057484186568\" \/>\n<meta property=\"article:modified_time\" content=\"2026-03-20T11:38:54+00:00\" \/>\n<meta property=\"og:image\" content=\"https:\/\/www.yomie.be\/wp-content\/uploads\/2025\/06\/logo-eigenradio-300x206.png\" \/>\n<meta name=\"twitter:card\" content=\"summary_large_image\" \/>\n<meta name=\"twitter:label1\" content=\"Gesch\u00e4tzte Lesezeit\" \/>\n\t<meta name=\"twitter:data1\" content=\"2\u00a0Minuten\" \/>\n<script type=\"application\/ld+json\" class=\"yoast-schema-graph\">{\"@context\":\"https:\\\/\\\/schema.org\",\"@graph\":[{\"@type\":\"WebPage\",\"@id\":\"http:\\\/\\\/www.yomie.be\\\/en\\\/eigenradio\\\/\",\"url\":\"http:\\\/\\\/www.yomie.be\\\/en\\\/eigenradio\\\/\",\"name\":\"Muziekcomputers en digital signage voor B2B toepassingen | yomie\",\"isPartOf\":{\"@id\":\"https:\\\/\\\/www.yomie.be\\\/#website\"},\"primaryImageOfPage\":{\"@id\":\"http:\\\/\\\/www.yomie.be\\\/en\\\/eigenradio\\\/#primaryimage\"},\"image\":{\"@id\":\"http:\\\/\\\/www.yomie.be\\\/en\\\/eigenradio\\\/#primaryimage\"},\"thumbnailUrl\":\"https:\\\/\\\/www.yomie.be\\\/wp-content\\\/uploads\\\/2025\\\/06\\\/logo-eigenradio-300x206.png\",\"datePublished\":\"2025-06-12T09:58:52+00:00\",\"dateModified\":\"2026-03-20T11:38:54+00:00\",\"description\":\"Verhoog je omzet met muziekcomputers en digital signage voor B2B. Cre\u00eber een uniek geluid dat klanten aantrekt.\",\"breadcrumb\":{\"@id\":\"http:\\\/\\\/www.yomie.be\\\/en\\\/eigenradio\\\/#breadcrumb\"},\"inLanguage\":\"de\",\"potentialAction\":[{\"@type\":\"ReadAction\",\"target\":[\"http:\\\/\\\/www.yomie.be\\\/en\\\/eigenradio\\\/\"]}]},{\"@type\":\"ImageObject\",\"inLanguage\":\"de\",\"@id\":\"http:\\\/\\\/www.yomie.be\\\/en\\\/eigenradio\\\/#primaryimage\",\"url\":\"https:\\\/\\\/www.yomie.be\\\/wp-content\\\/uploads\\\/2025\\\/06\\\/logo-eigenradio-300x206.png\",\"contentUrl\":\"https:\\\/\\\/www.yomie.be\\\/wp-content\\\/uploads\\\/2025\\\/06\\\/logo-eigenradio-300x206.png\"},{\"@type\":\"BreadcrumbList\",\"@id\":\"http:\\\/\\\/www.yomie.be\\\/en\\\/eigenradio\\\/#breadcrumb\",\"itemListElement\":[{\"@type\":\"ListItem\",\"position\":1,\"name\":\"Home\",\"item\":\"https:\\\/\\\/www.yomie.be\\\/\"},{\"@type\":\"ListItem\",\"position\":2,\"name\":\"yomie Eigenradio\"}]},{\"@type\":\"WebSite\",\"@id\":\"https:\\\/\\\/www.yomie.be\\\/#website\",\"url\":\"https:\\\/\\\/www.yomie.be\\\/\",\"name\":\"yomie\",\"description\":\"Uw one stop shop voor muziek en digital signage\",\"publisher\":{\"@id\":\"https:\\\/\\\/www.yomie.be\\\/#organization\"},\"alternateName\":\"yomie muziek en digital signage\",\"potentialAction\":[{\"@type\":\"SearchAction\",\"target\":{\"@type\":\"EntryPoint\",\"urlTemplate\":\"https:\\\/\\\/www.yomie.be\\\/?s={search_term_string}\"},\"query-input\":{\"@type\":\"PropertyValueSpecification\",\"valueRequired\":true,\"valueName\":\"search_term_string\"}}],\"inLanguage\":\"de\"},{\"@type\":\"Organization\",\"@id\":\"https:\\\/\\\/www.yomie.be\\\/#organization\",\"name\":\"Yomie Muziek & Digital Signage\",\"alternateName\":\"Yomie\",\"url\":\"https:\\\/\\\/www.yomie.be\\\/\",\"logo\":{\"@type\":\"ImageObject\",\"inLanguage\":\"de\",\"@id\":\"https:\\\/\\\/www.yomie.be\\\/#\\\/schema\\\/logo\\\/image\\\/\",\"url\":\"https:\\\/\\\/www.yomie.be\\\/wp-content\\\/uploads\\\/2022\\\/05\\\/Yomie-logo-zwarte-tekst.png\",\"contentUrl\":\"https:\\\/\\\/www.yomie.be\\\/wp-content\\\/uploads\\\/2022\\\/05\\\/Yomie-logo-zwarte-tekst.png\",\"width\":7835,\"height\":2760,\"caption\":\"Yomie Muziek & Digital Signage\"},\"image\":{\"@id\":\"https:\\\/\\\/www.yomie.be\\\/#\\\/schema\\\/logo\\\/image\\\/\"},\"sameAs\":[\"https:\\\/\\\/www.facebook.com\\\/profile.php?id=100057484186568\",\"https:\\\/\\\/www.instagram.com\\\/yomie.be\\\/\"],\"email\":\"info@yomie.be\",\"legalName\":\"Signage & Music Services BV\",\"foundingDate\":\"2019-03-15\",\"vatID\":\"BE0765.904.773\",\"publishingPrinciples\":\"https:\\\/\\\/www.yomie.be\\\/lees-meer-digital-signage\\\/\"}]}<\/script>\n<!-- \/ Yoast SEO Premium plugin. -->","yoast_head_json":{"title":"Muziekcomputers en digital signage voor B2B toepassingen | yomie","description":"Verhoog je omzet met muziekcomputers en digital signage voor B2B. Cre\u00eber een uniek geluid dat klanten aantrekt.","robots":{"index":"index","follow":"follow","max-snippet":"max-snippet:-1","max-image-preview":"max-image-preview:large","max-video-preview":"max-video-preview:-1"},"canonical":"http:\/\/www.yomie.be\/de\/eigenradio\/","og_locale":"de_DE","og_type":"article","og_title":"yomie Eigenradio","og_description":"Verhoog je omzet met muziekcomputers en digital signage voor B2B. Cre\u00eber een uniek geluid dat klanten aantrekt.","og_url":"http:\/\/www.yomie.be\/de\/eigenradio\/","og_site_name":"yomie","article_publisher":"https:\/\/www.facebook.com\/profile.php?id=100057484186568","article_modified_time":"2026-03-20T11:38:54+00:00","og_image":[{"url":"https:\/\/www.yomie.be\/wp-content\/uploads\/2025\/06\/logo-eigenradio-300x206.png","type":"","width":"","height":""}],"twitter_card":"summary_large_image","twitter_misc":{"Gesch\u00e4tzte Lesezeit":"2\u00a0Minuten"},"schema":{"@context":"https:\/\/schema.org","@graph":[{"@type":"WebPage","@id":"http:\/\/www.yomie.be\/en\/eigenradio\/","url":"http:\/\/www.yomie.be\/en\/eigenradio\/","name":"Muziekcomputers en digital signage voor B2B toepassingen | yomie","isPartOf":{"@id":"https:\/\/www.yomie.be\/#website"},"primaryImageOfPage":{"@id":"http:\/\/www.yomie.be\/en\/eigenradio\/#primaryimage"},"image":{"@id":"http:\/\/www.yomie.be\/en\/eigenradio\/#primaryimage"},"thumbnailUrl":"https:\/\/www.yomie.be\/wp-content\/uploads\/2025\/06\/logo-eigenradio-300x206.png","datePublished":"2025-06-12T09:58:52+00:00","dateModified":"2026-03-20T11:38:54+00:00","description":"Verhoog je omzet met muziekcomputers en digital signage voor B2B. Cre\u00eber een uniek geluid dat klanten aantrekt.","breadcrumb":{"@id":"http:\/\/www.yomie.be\/en\/eigenradio\/#breadcrumb"},"inLanguage":"de","potentialAction":[{"@type":"ReadAction","target":["http:\/\/www.yomie.be\/en\/eigenradio\/"]}]},{"@type":"ImageObject","inLanguage":"de","@id":"http:\/\/www.yomie.be\/en\/eigenradio\/#primaryimage","url":"https:\/\/www.yomie.be\/wp-content\/uploads\/2025\/06\/logo-eigenradio-300x206.png","contentUrl":"https:\/\/www.yomie.be\/wp-content\/uploads\/2025\/06\/logo-eigenradio-300x206.png"},{"@type":"BreadcrumbList","@id":"http:\/\/www.yomie.be\/en\/eigenradio\/#breadcrumb","itemListElement":[{"@type":"ListItem","position":1,"name":"Home","item":"https:\/\/www.yomie.be\/"},{"@type":"ListItem","position":2,"name":"yomie Eigenradio"}]},{"@type":"WebSite","@id":"https:\/\/www.yomie.be\/#website","url":"https:\/\/www.yomie.be\/","name":"yomie","description":"Ihr One-Stop-Shop f\u00fcr Musik und digitale Beschilderung","publisher":{"@id":"https:\/\/www.yomie.be\/#organization"},"alternateName":"yomie muziek en digital signage","potentialAction":[{"@type":"SearchAction","target":{"@type":"EntryPoint","urlTemplate":"https:\/\/www.yomie.be\/?s={search_term_string}"},"query-input":{"@type":"PropertyValueSpecification","valueRequired":true,"valueName":"search_term_string"}}],"inLanguage":"de"},{"@type":"Organization","@id":"https:\/\/www.yomie.be\/#organization","name":"Yomie Musik &amp; Digitale Beschilderung","alternateName":"Yomie","url":"https:\/\/www.yomie.be\/","logo":{"@type":"ImageObject","inLanguage":"de","@id":"https:\/\/www.yomie.be\/#\/schema\/logo\/image\/","url":"https:\/\/www.yomie.be\/wp-content\/uploads\/2022\/05\/Yomie-logo-zwarte-tekst.png","contentUrl":"https:\/\/www.yomie.be\/wp-content\/uploads\/2022\/05\/Yomie-logo-zwarte-tekst.png","width":7835,"height":2760,"caption":"Yomie Muziek & Digital Signage"},"image":{"@id":"https:\/\/www.yomie.be\/#\/schema\/logo\/image\/"},"sameAs":["https:\/\/www.facebook.com\/profile.php?id=100057484186568","https:\/\/www.instagram.com\/yomie.be\/"],"email":"info@yomie.be","legalName":"Signage & Music Services BV","foundingDate":"2019-03-15","vatID":"BE0765.904.773","publishingPrinciples":"https:\/\/www.yomie.be\/lees-meer-digital-signage\/"}]}},"_links":{"self":[{"href":"http:\/\/www.yomie.be\/de\/wp-json\/wp\/v2\/pages\/1887","targetHints":{"allow":["GET"]}}],"collection":[{"href":"http:\/\/www.yomie.be\/de\/wp-json\/wp\/v2\/pages"}],"about":[{"href":"http:\/\/www.yomie.be\/de\/wp-json\/wp\/v2\/types\/page"}],"author":[{"embeddable":true,"href":"http:\/\/www.yomie.be\/de\/wp-json\/wp\/v2\/users\/1"}],"replies":[{"embeddable":true,"href":"http:\/\/www.yomie.be\/de\/wp-json\/wp\/v2\/comments?post=1887"}],"version-history":[{"count":0,"href":"http:\/\/www.yomie.be\/de\/wp-json\/wp\/v2\/pages\/1887\/revisions"}],"wp:attachment":[{"href":"http:\/\/www.yomie.be\/de\/wp-json\/wp\/v2\/media?parent=1887"}],"curies":[{"name":"wp","href":"https:\/\/api.w.org\/{rel}","templated":true}]}}