{"id":1416,"date":"2024-07-12T13:19:40","date_gmt":"2024-07-12T13:19:40","guid":{"rendered":"https:\/\/www.yomie.be\/?page_id=1416"},"modified":"2024-07-12T13:58:58","modified_gmt":"2024-07-12T13:58:58","slug":"lesen-sie-mehr-yomie-ist-die-zentrale-anlaufstelle","status":"publish","type":"page","link":"http:\/\/www.yomie.be\/de\/lees-meer-yomie-is-de-one-stop-shop\/","title":{"rendered":"mehr lesen Yomie ist der One-Stop-Shop"},"content":{"rendered":"<div data-elementor-type=\"wp-page\" data-elementor-id=\"1416\" class=\"elementor elementor-1416\" data-elementor-post-type=\"page\">\n\t\t\t\t\t\t<section class=\"elementor-section elementor-top-section elementor-element elementor-element-65f53287 elementor-section-full_width elementor-section-height-min-height elementor-section-content-middle elementor-section-height-default elementor-section-items-middle\" data-id=\"65f53287\" data-element_type=\"section\" data-e-type=\"section\" data-settings=\"{&quot;background_background&quot;:&quot;classic&quot;}\">\n\t\t\t\t\t\t\t<div class=\"elementor-background-overlay\"><\/div>\n\t\t\t\t\t\t\t<div class=\"elementor-container elementor-column-gap-no\">\n\t\t\t\t\t<div class=\"elementor-column elementor-col-100 elementor-top-column elementor-element elementor-element-2335b0de\" data-id=\"2335b0de\" data-element_type=\"column\" data-e-type=\"column\">\n\t\t\t<div class=\"elementor-widget-wrap elementor-element-populated\">\n\t\t\t\t\t\t<section class=\"elementor-section elementor-inner-section elementor-element elementor-element-6cee5da6 elementor-section-full_width elementor-section-height-default elementor-section-height-default\" data-id=\"6cee5da6\" data-element_type=\"section\" data-e-type=\"section\">\n\t\t\t\t\t\t<div class=\"elementor-container elementor-column-gap-default\">\n\t\t\t\t\t<div class=\"elementor-column elementor-col-100 elementor-inner-column elementor-element elementor-element-5dcc8bd4\" data-id=\"5dcc8bd4\" data-element_type=\"column\" data-e-type=\"column\">\n\t\t\t<div class=\"elementor-widget-wrap elementor-element-populated\">\n\t\t\t\t\t\t<div class=\"elementor-element elementor-element-3cf7a82 elementor-widget elementor-widget-heading\" data-id=\"3cf7a82\" data-element_type=\"widget\" data-e-type=\"widget\" data-widget_type=\"heading.default\">\n\t\t\t\t<div class=\"elementor-widget-container\">\n\t\t\t\t\t<h2 class=\"elementor-heading-title elementor-size-default\">Yomie, die zentrale Anlaufstelle<\/h2>\t\t\t\t<\/div>\n\t\t\t\t<\/div>\n\t\t\t\t\t<\/div>\n\t\t<\/div>\n\t\t\t\t\t<\/div>\n\t\t<\/section>\n\t\t\t\t\t<\/div>\n\t\t<\/div>\n\t\t\t\t\t<\/div>\n\t\t<\/section>\n\t\t\t\t<section class=\"elementor-section elementor-top-section elementor-element elementor-element-2addab28 elementor-section-boxed elementor-section-height-default elementor-section-height-default\" data-id=\"2addab28\" data-element_type=\"section\" data-e-type=\"section\">\n\t\t\t\t\t\t<div class=\"elementor-container elementor-column-gap-default\">\n\t\t\t\t\t<div class=\"elementor-column elementor-col-100 elementor-top-column elementor-element elementor-element-128c6dfe\" data-id=\"128c6dfe\" data-element_type=\"column\" data-e-type=\"column\">\n\t\t\t<div class=\"elementor-widget-wrap elementor-element-populated\">\n\t\t\t\t\t\t<div class=\"elementor-element elementor-element-4b712751 elementor-widget elementor-widget-heading\" data-id=\"4b712751\" data-element_type=\"widget\" data-e-type=\"widget\" data-widget_type=\"heading.default\">\n\t\t\t\t<div class=\"elementor-widget-container\">\n\t\t\t\t\t<h4 class=\"elementor-heading-title elementor-size-default\">Entlastung f\u00fcr unsere Kunden<\/h4>\t\t\t\t<\/div>\n\t\t\t\t<\/div>\n\t\t\t\t<section class=\"elementor-section elementor-inner-section elementor-element elementor-element-57b5b195 elementor-section-boxed elementor-section-height-default elementor-section-height-default\" data-id=\"57b5b195\" data-element_type=\"section\" data-e-type=\"section\">\n\t\t\t\t\t\t<div class=\"elementor-container elementor-column-gap-default\">\n\t\t\t\t\t<div class=\"elementor-column elementor-col-33 elementor-inner-column elementor-element elementor-element-6cdf4455 elementor-invisible\" data-id=\"6cdf4455\" data-element_type=\"column\" data-e-type=\"column\" data-settings=\"{&quot;background_background&quot;:&quot;gradient&quot;,&quot;animation&quot;:&quot;fadeIn&quot;}\">\n\t\t\t<div class=\"elementor-widget-wrap elementor-element-populated\">\n\t\t\t\t\t\t<div class=\"elementor-element elementor-element-f8d501f elementor-widget elementor-widget-image\" data-id=\"f8d501f\" data-element_type=\"widget\" data-e-type=\"widget\" data-widget_type=\"image.default\">\n\t\t\t\t<div class=\"elementor-widget-container\">\n\t\t\t\t\t\t\t\t\t\t\t\t\t\t\t<img fetchpriority=\"high\" decoding=\"async\" width=\"985\" height=\"1024\" src=\"https:\/\/www.yomie.be\/wp-content\/uploads\/2024\/05\/logo-iceblue.svg\" class=\"attachment-large size-large wp-image-828\" alt=\"yomie muziekcomputers en digital signage voor horeca en bedrijven\" \/>\t\t\t\t\t\t\t\t\t\t\t\t\t\t\t<\/div>\n\t\t\t\t<\/div>\n\t\t\t\t\t<\/div>\n\t\t<\/div>\n\t\t\t\t<div class=\"elementor-column elementor-col-33 elementor-inner-column elementor-element elementor-element-75b250e6\" data-id=\"75b250e6\" data-element_type=\"column\" data-e-type=\"column\">\n\t\t\t<div class=\"elementor-widget-wrap elementor-element-populated\">\n\t\t\t\t\t\t<div class=\"elementor-element elementor-element-206dd0c8 elementor-widget elementor-widget-text-editor\" data-id=\"206dd0c8\" data-element_type=\"widget\" data-e-type=\"widget\" data-widget_type=\"text-editor.default\">\n\t\t\t\t<div class=\"elementor-widget-container\">\n\t\t\t\t\t\t\t\t\t<p>Yomie ist der <strong>Eine zentrale Anlaufstelle<\/strong> f\u00fcr ma\u00dfgeschneiderte L\u00f6sungen in <strong>legale Musik<\/strong> und <strong>digitale Beschilderung<\/strong> (oder Bildschirmkommunikation).<\/p><p>(Gastgewerbe), Unternehmen, Organisationen und Regierungen k\u00f6nnen sich an Yomie wenden, um eine komplette Suite von <strong>Ma\u00dfgeschneiderte L\u00f6sungen<\/strong> zum <strong>Atmosph\u00e4re<\/strong>, <strong>die Erfahrung<\/strong> und <strong>Gastfreundschaft<\/strong> und die (internen und externen) <strong>Kommunikation<\/strong> optimieren. <br \/>Kurz gesagt, Yomie m\u00f6chte Sie als Kunden entlasten, indem wir Ihnen ma\u00dfgeschneiderte L\u00f6sungen anbieten, die die allgemeine Atmosph\u00e4re und Erfahrung (in Ihrem Gesch\u00e4ft, Ihrem Unternehmen, Ihrer Organisation oder Ihrer Beh\u00f6rde) verbessern. <br \/>Durch die Kombination von innovativer Musik und Digital Signage Software bietet Yomie eine All-in-One-L\u00f6sung, die das Gesamterlebnis Ihrer Besucher ver\u00e4ndert und verbessert. <br \/>Die Anwendungsm\u00f6glichkeiten f\u00fcr die Bildschirmkommunikation sind grenzenlos.<\/p><p><br \/>Wir bieten eine breite Palette an innovativen <strong>Software- und Hardware-L\u00f6sungen<\/strong> die sich nahtlos integrieren lassen und perfekt auf die Bed\u00fcrfnisse Ihres Unternehmens, Ihrer Firma, Ihrer Organisation oder Ihrer Beh\u00f6rde abgestimmt sind. <br \/>Mit unserer eigenen Software und sorgf\u00e4ltig ausgew\u00e4hlter und selbst entwickelter Hardware garantieren wir eine integrierte und zuverl\u00e4ssige L\u00f6sung f\u00fcr verschiedene gesch\u00e4ftliche Herausforderungen. <br \/>Unser Know-how deckt das gesamte Spektrum ab, so dass wir eine nahtlose L\u00f6sung anbieten k\u00f6nnen, die perfekt auf die Bed\u00fcrfnisse unserer Kunden abgestimmt ist. <br \/>Mit unserer innovativen und benutzerfreundlichen Musik- und Digital Signage-Software verbessern Sie die <strong>Atmosph\u00e4re und Gastfreundschaft,<\/strong> Dies tr\u00e4gt zu einer l\u00e4ngeren Verweildauer der Besucher und zur Steigerung Ihres Umsatzes bei.<\/p><p><br \/>Unsere L\u00f6sungen eignen sich f\u00fcr alle Sektoren, Organisationen und Regierungen, die ihre interne und externe Kommunikation durch digitale Informationsbildschirme st\u00e4rken wollen. <br \/>Kurz und gut. Yomie m\u00f6chte Sie als Kunden entlasten, indem es ma\u00dfgeschneiderte L\u00f6sungen anbietet, die die allgemeine Atmosph\u00e4re und Erfahrung (in Ihrem Gesch\u00e4ft, Unternehmen, Ihrer Organisation oder Ihrer Beh\u00f6rde) verbessern.<\/p>\t\t\t\t\t\t\t\t<\/div>\n\t\t\t\t<\/div>\n\t\t\t\t<div class=\"elementor-element elementor-element-7cc2522f elementor-button-info elementor-align-center elementor-widget__width-inherit elementor-widget elementor-widget-button\" data-id=\"7cc2522f\" data-element_type=\"widget\" data-e-type=\"widget\" data-widget_type=\"button.default\">\n\t\t\t\t<div class=\"elementor-widget-container\">\n\t\t\t\t\t\t\t\t\t<div class=\"elementor-button-wrapper\">\n\t\t\t\t\t<a class=\"elementor-button elementor-button-link elementor-size-sm elementor-animation-grow\" href=\"https:\/\/www.yomie.be\/de\/kontaktieren-sie-uns\/\" target=\"_blank\">\n\t\t\t\t\t\t<span class=\"elementor-button-content-wrapper\">\n\t\t\t\t\t\t<span class=\"elementor-button-icon\">\n\t\t\t\t<i aria-hidden=\"true\" class=\"far fa-envelope\"><\/i>\t\t\t<\/span>\n\t\t\t\t\t\t\t\t\t<span class=\"elementor-button-text\">Mehr Infos<\/span>\n\t\t\t\t\t<\/span>\n\t\t\t\t\t<\/a>\n\t\t\t\t<\/div>\n\t\t\t\t\t\t\t\t<\/div>\n\t\t\t\t<\/div>\n\t\t\t\t\t<\/div>\n\t\t<\/div>\n\t\t\t\t<div class=\"elementor-column elementor-col-33 elementor-inner-column elementor-element elementor-element-17b8394d\" data-id=\"17b8394d\" data-element_type=\"column\" data-e-type=\"column\">\n\t\t\t<div class=\"elementor-widget-wrap\">\n\t\t\t\t\t\t\t<\/div>\n\t\t<\/div>\n\t\t\t\t\t<\/div>\n\t\t<\/section>\n\t\t\t\t\t<\/div>\n\t\t<\/div>\n\t\t\t\t\t<\/div>\n\t\t<\/section>\n\t\t\t\t<\/div>","protected":false},"excerpt":{"rendered":"<p>Yomie, de One-stop-shop Ontzorgen van onze klanten Yomie is d\u00e9 one-stop-shop voor op maat gemaakte oplossingen in legale muziek en [&hellip;]<\/p>\n","protected":false},"author":1,"featured_media":0,"parent":0,"menu_order":0,"comment_status":"closed","ping_status":"closed","template":"elementor_header_footer","meta":{"inline_featured_image":false,"site-sidebar-layout":"no-sidebar","site-content-layout":"","ast-site-content-layout":"full-width-container","site-content-style":"default","site-sidebar-style":"default","ast-global-header-display":"","ast-banner-title-visibility":"","ast-main-header-display":"","ast-hfb-above-header-display":"","ast-hfb-below-header-display":"","ast-hfb-mobile-header-display":"","site-post-title":"disabled","ast-breadcrumbs-content":"","ast-featured-img":"disabled","footer-sml-layout":"","ast-disable-related-posts":"","theme-transparent-header-meta":"","adv-header-id-meta":"","stick-header-meta":"","header-above-stick-meta":"","header-main-stick-meta":"","header-below-stick-meta":"","astra-migrate-meta-layouts":"default","ast-page-background-enabled":"default","ast-page-background-meta":{"desktop":{"background-color":"var(--ast-global-color-4)","background-image":"","background-repeat":"repeat","background-position":"center center","background-size":"auto","background-attachment":"scroll","background-type":"","background-media":"","overlay-type":"","overlay-color":"","overlay-opacity":"","overlay-gradient":""},"tablet":{"background-color":"","background-image":"","background-repeat":"repeat","background-position":"center center","background-size":"auto","background-attachment":"scroll","background-type":"","background-media":"","overlay-type":"","overlay-color":"","overlay-opacity":"","overlay-gradient":""},"mobile":{"background-color":"","background-image":"","background-repeat":"repeat","background-position":"center center","background-size":"auto","background-attachment":"scroll","background-type":"","background-media":"","overlay-type":"","overlay-color":"","overlay-opacity":"","overlay-gradient":""}},"ast-content-background-meta":{"desktop":{"background-color":"var(--ast-global-color-5)","background-image":"","background-repeat":"repeat","background-position":"center center","background-size":"auto","background-attachment":"scroll","background-type":"","background-media":"","overlay-type":"","overlay-color":"","overlay-opacity":"","overlay-gradient":""},"tablet":{"background-color":"var(--ast-global-color-5)","background-image":"","background-repeat":"repeat","background-position":"center center","background-size":"auto","background-attachment":"scroll","background-type":"","background-media":"","overlay-type":"","overlay-color":"","overlay-opacity":"","overlay-gradient":""},"mobile":{"background-color":"var(--ast-global-color-5)","background-image":"","background-repeat":"repeat","background-position":"center center","background-size":"auto","background-attachment":"scroll","background-type":"","background-media":"","overlay-type":"","overlay-color":"","overlay-opacity":"","overlay-gradient":""}},"footnotes":""},"class_list":["post-1416","page","type-page","status-publish","hentry"],"yoast_head":"<!-- This site is optimized with the Yoast SEO Premium plugin v27.2 (Yoast SEO v27.4) - https:\/\/yoast.com\/product\/yoast-seo-premium-wordpress\/ -->\n<title>lees meer Yomie is de one-stop-shop | yomie<\/title>\n<meta name=\"robots\" content=\"index, follow, max-snippet:-1, max-image-preview:large, max-video-preview:-1\" \/>\n<link rel=\"canonical\" href=\"https:\/\/www.yomie.be\/de\/lesen-sie-mehr-yomie-ist-die-zentrale-anlaufstelle\/\" \/>\n<meta property=\"og:locale\" content=\"de_DE\" \/>\n<meta property=\"og:type\" content=\"article\" \/>\n<meta property=\"og:title\" content=\"lees meer Yomie is de one-stop-shop\" \/>\n<meta property=\"og:description\" content=\"Yomie, de One-stop-shop Ontzorgen van onze klanten Yomie is d\u00e9 one-stop-shop voor op maat gemaakte oplossingen in legale muziek en [&hellip;]\" \/>\n<meta property=\"og:url\" content=\"https:\/\/www.yomie.be\/de\/lesen-sie-mehr-yomie-ist-die-zentrale-anlaufstelle\/\" \/>\n<meta property=\"og:site_name\" content=\"yomie\" \/>\n<meta property=\"article:publisher\" content=\"https:\/\/www.facebook.com\/profile.php?id=100057484186568\" \/>\n<meta property=\"article:modified_time\" content=\"2024-07-12T13:58:58+00:00\" \/>\n<meta property=\"og:image\" content=\"https:\/\/www.yomie.be\/wp-content\/uploads\/2024\/05\/logo-iceblue.svg\" \/>\n<meta name=\"twitter:card\" content=\"summary_large_image\" \/>\n<meta name=\"twitter:label1\" content=\"Gesch\u00e4tzte Lesezeit\" \/>\n\t<meta name=\"twitter:data1\" content=\"2\u00a0Minuten\" \/>\n<script type=\"application\/ld+json\" class=\"yoast-schema-graph\">{\"@context\":\"https:\\\/\\\/schema.org\",\"@graph\":[{\"@type\":\"WebPage\",\"@id\":\"https:\\\/\\\/www.yomie.be\\\/lees-meer-yomie-is-de-one-stop-shop\\\/\",\"url\":\"https:\\\/\\\/www.yomie.be\\\/lees-meer-yomie-is-de-one-stop-shop\\\/\",\"name\":\"lees meer Yomie is de one-stop-shop | yomie\",\"isPartOf\":{\"@id\":\"https:\\\/\\\/www.yomie.be\\\/#website\"},\"primaryImageOfPage\":{\"@id\":\"https:\\\/\\\/www.yomie.be\\\/lees-meer-yomie-is-de-one-stop-shop\\\/#primaryimage\"},\"image\":{\"@id\":\"https:\\\/\\\/www.yomie.be\\\/lees-meer-yomie-is-de-one-stop-shop\\\/#primaryimage\"},\"thumbnailUrl\":\"https:\\\/\\\/www.yomie.be\\\/wp-content\\\/uploads\\\/2024\\\/05\\\/logo-iceblue.svg\",\"datePublished\":\"2024-07-12T13:19:40+00:00\",\"dateModified\":\"2024-07-12T13:58:58+00:00\",\"breadcrumb\":{\"@id\":\"https:\\\/\\\/www.yomie.be\\\/lees-meer-yomie-is-de-one-stop-shop\\\/#breadcrumb\"},\"inLanguage\":\"de\",\"potentialAction\":[{\"@type\":\"ReadAction\",\"target\":[\"https:\\\/\\\/www.yomie.be\\\/lees-meer-yomie-is-de-one-stop-shop\\\/\"]}]},{\"@type\":\"ImageObject\",\"inLanguage\":\"de\",\"@id\":\"https:\\\/\\\/www.yomie.be\\\/lees-meer-yomie-is-de-one-stop-shop\\\/#primaryimage\",\"url\":\"https:\\\/\\\/www.yomie.be\\\/wp-content\\\/uploads\\\/2024\\\/05\\\/logo-iceblue.svg\",\"contentUrl\":\"https:\\\/\\\/www.yomie.be\\\/wp-content\\\/uploads\\\/2024\\\/05\\\/logo-iceblue.svg\"},{\"@type\":\"BreadcrumbList\",\"@id\":\"https:\\\/\\\/www.yomie.be\\\/lees-meer-yomie-is-de-one-stop-shop\\\/#breadcrumb\",\"itemListElement\":[{\"@type\":\"ListItem\",\"position\":1,\"name\":\"Home\",\"item\":\"https:\\\/\\\/www.yomie.be\\\/\"},{\"@type\":\"ListItem\",\"position\":2,\"name\":\"lees meer Yomie is de one-stop-shop\"}]},{\"@type\":\"WebSite\",\"@id\":\"https:\\\/\\\/www.yomie.be\\\/#website\",\"url\":\"https:\\\/\\\/www.yomie.be\\\/\",\"name\":\"yomie\",\"description\":\"Uw one stop shop voor muziek en digital signage\",\"publisher\":{\"@id\":\"https:\\\/\\\/www.yomie.be\\\/#organization\"},\"alternateName\":\"yomie muziek en digital signage\",\"potentialAction\":[{\"@type\":\"SearchAction\",\"target\":{\"@type\":\"EntryPoint\",\"urlTemplate\":\"https:\\\/\\\/www.yomie.be\\\/?s={search_term_string}\"},\"query-input\":{\"@type\":\"PropertyValueSpecification\",\"valueRequired\":true,\"valueName\":\"search_term_string\"}}],\"inLanguage\":\"de\"},{\"@type\":\"Organization\",\"@id\":\"https:\\\/\\\/www.yomie.be\\\/#organization\",\"name\":\"Yomie Muziek & Digital Signage\",\"alternateName\":\"Yomie\",\"url\":\"https:\\\/\\\/www.yomie.be\\\/\",\"logo\":{\"@type\":\"ImageObject\",\"inLanguage\":\"de\",\"@id\":\"https:\\\/\\\/www.yomie.be\\\/#\\\/schema\\\/logo\\\/image\\\/\",\"url\":\"https:\\\/\\\/www.yomie.be\\\/wp-content\\\/uploads\\\/2022\\\/05\\\/Yomie-logo-zwarte-tekst.png\",\"contentUrl\":\"https:\\\/\\\/www.yomie.be\\\/wp-content\\\/uploads\\\/2022\\\/05\\\/Yomie-logo-zwarte-tekst.png\",\"width\":7835,\"height\":2760,\"caption\":\"Yomie Muziek & Digital Signage\"},\"image\":{\"@id\":\"https:\\\/\\\/www.yomie.be\\\/#\\\/schema\\\/logo\\\/image\\\/\"},\"sameAs\":[\"https:\\\/\\\/www.facebook.com\\\/profile.php?id=100057484186568\",\"https:\\\/\\\/www.instagram.com\\\/yomie.be\\\/\"],\"email\":\"info@yomie.be\",\"legalName\":\"Signage & Music Services BV\",\"foundingDate\":\"2019-03-15\",\"vatID\":\"BE0765.904.773\",\"publishingPrinciples\":\"https:\\\/\\\/www.yomie.be\\\/lees-meer-digital-signage\\\/\"}]}<\/script>\n<!-- \/ Yoast SEO Premium plugin. -->","yoast_head_json":{"title":"lees meer Yomie is de one-stop-shop | yomie","robots":{"index":"index","follow":"follow","max-snippet":"max-snippet:-1","max-image-preview":"max-image-preview:large","max-video-preview":"max-video-preview:-1"},"canonical":"https:\/\/www.yomie.be\/de\/lesen-sie-mehr-yomie-ist-die-zentrale-anlaufstelle\/","og_locale":"de_DE","og_type":"article","og_title":"lees meer Yomie is de one-stop-shop","og_description":"Yomie, de One-stop-shop Ontzorgen van onze klanten Yomie is d\u00e9 one-stop-shop voor op maat gemaakte oplossingen in legale muziek en [&hellip;]","og_url":"https:\/\/www.yomie.be\/de\/lesen-sie-mehr-yomie-ist-die-zentrale-anlaufstelle\/","og_site_name":"yomie","article_publisher":"https:\/\/www.facebook.com\/profile.php?id=100057484186568","article_modified_time":"2024-07-12T13:58:58+00:00","og_image":[{"url":"https:\/\/www.yomie.be\/wp-content\/uploads\/2024\/05\/logo-iceblue.svg","type":"","width":"","height":""}],"twitter_card":"summary_large_image","twitter_misc":{"Gesch\u00e4tzte Lesezeit":"2\u00a0Minuten"},"schema":{"@context":"https:\/\/schema.org","@graph":[{"@type":"WebPage","@id":"https:\/\/www.yomie.be\/lees-meer-yomie-is-de-one-stop-shop\/","url":"https:\/\/www.yomie.be\/lees-meer-yomie-is-de-one-stop-shop\/","name":"lees meer Yomie is de one-stop-shop | yomie","isPartOf":{"@id":"https:\/\/www.yomie.be\/#website"},"primaryImageOfPage":{"@id":"https:\/\/www.yomie.be\/lees-meer-yomie-is-de-one-stop-shop\/#primaryimage"},"image":{"@id":"https:\/\/www.yomie.be\/lees-meer-yomie-is-de-one-stop-shop\/#primaryimage"},"thumbnailUrl":"https:\/\/www.yomie.be\/wp-content\/uploads\/2024\/05\/logo-iceblue.svg","datePublished":"2024-07-12T13:19:40+00:00","dateModified":"2024-07-12T13:58:58+00:00","breadcrumb":{"@id":"https:\/\/www.yomie.be\/lees-meer-yomie-is-de-one-stop-shop\/#breadcrumb"},"inLanguage":"de","potentialAction":[{"@type":"ReadAction","target":["https:\/\/www.yomie.be\/lees-meer-yomie-is-de-one-stop-shop\/"]}]},{"@type":"ImageObject","inLanguage":"de","@id":"https:\/\/www.yomie.be\/lees-meer-yomie-is-de-one-stop-shop\/#primaryimage","url":"https:\/\/www.yomie.be\/wp-content\/uploads\/2024\/05\/logo-iceblue.svg","contentUrl":"https:\/\/www.yomie.be\/wp-content\/uploads\/2024\/05\/logo-iceblue.svg"},{"@type":"BreadcrumbList","@id":"https:\/\/www.yomie.be\/lees-meer-yomie-is-de-one-stop-shop\/#breadcrumb","itemListElement":[{"@type":"ListItem","position":1,"name":"Home","item":"https:\/\/www.yomie.be\/"},{"@type":"ListItem","position":2,"name":"lees meer Yomie is de one-stop-shop"}]},{"@type":"WebSite","@id":"https:\/\/www.yomie.be\/#website","url":"https:\/\/www.yomie.be\/","name":"yomie","description":"Uw one stop shop voor muziek en digital signage","publisher":{"@id":"https:\/\/www.yomie.be\/#organization"},"alternateName":"yomie muziek en digital signage","potentialAction":[{"@type":"SearchAction","target":{"@type":"EntryPoint","urlTemplate":"https:\/\/www.yomie.be\/?s={search_term_string}"},"query-input":{"@type":"PropertyValueSpecification","valueRequired":true,"valueName":"search_term_string"}}],"inLanguage":"de"},{"@type":"Organization","@id":"https:\/\/www.yomie.be\/#organization","name":"Yomie Muziek & Digital Signage","alternateName":"Yomie","url":"https:\/\/www.yomie.be\/","logo":{"@type":"ImageObject","inLanguage":"de","@id":"https:\/\/www.yomie.be\/#\/schema\/logo\/image\/","url":"https:\/\/www.yomie.be\/wp-content\/uploads\/2022\/05\/Yomie-logo-zwarte-tekst.png","contentUrl":"https:\/\/www.yomie.be\/wp-content\/uploads\/2022\/05\/Yomie-logo-zwarte-tekst.png","width":7835,"height":2760,"caption":"Yomie Muziek & Digital Signage"},"image":{"@id":"https:\/\/www.yomie.be\/#\/schema\/logo\/image\/"},"sameAs":["https:\/\/www.facebook.com\/profile.php?id=100057484186568","https:\/\/www.instagram.com\/yomie.be\/"],"email":"info@yomie.be","legalName":"Signage & Music Services BV","foundingDate":"2019-03-15","vatID":"BE0765.904.773","publishingPrinciples":"https:\/\/www.yomie.be\/lees-meer-digital-signage\/"}]}},"_links":{"self":[{"href":"http:\/\/www.yomie.be\/de\/wp-json\/wp\/v2\/pages\/1416","targetHints":{"allow":["GET"]}}],"collection":[{"href":"http:\/\/www.yomie.be\/de\/wp-json\/wp\/v2\/pages"}],"about":[{"href":"http:\/\/www.yomie.be\/de\/wp-json\/wp\/v2\/types\/page"}],"author":[{"embeddable":true,"href":"http:\/\/www.yomie.be\/de\/wp-json\/wp\/v2\/users\/1"}],"replies":[{"embeddable":true,"href":"http:\/\/www.yomie.be\/de\/wp-json\/wp\/v2\/comments?post=1416"}],"version-history":[{"count":0,"href":"http:\/\/www.yomie.be\/de\/wp-json\/wp\/v2\/pages\/1416\/revisions"}],"wp:attachment":[{"href":"http:\/\/www.yomie.be\/de\/wp-json\/wp\/v2\/media?parent=1416"}],"curies":[{"name":"wp","href":"https:\/\/api.w.org\/{rel}","templated":true}]}}